{"id":31768,"date":"2026-05-10T12:02:51","date_gmt":"2026-05-10T12:02:51","guid":{"rendered":"https:\/\/trampoflex.shop\/product\/thomas-aqua-pet-family-1700w-starker-staubsauger-fur-tierhaare-nasssauger-trockensauger-polsterreiniger-staubsauger-mit-wischfunktion-fur-teppich-sofa-polster-matratze\/"},"modified":"2026-05-10T12:02:51","modified_gmt":"2026-05-10T12:02:51","slug":"thomas-aqua-pet-family-1700w-starker-staubsauger-fur-tierhaare-nasssauger-trockensauger-polsterreiniger-staubsauger-mit-wischfunktion-fur-teppich-sofa-polster-matratze","status":"publish","type":"product","link":"https:\/\/trampoflex.shop\/en\/product\/thomas-aqua-pet-family-1700w-starker-staubsauger-fur-tierhaare-nasssauger-trockensauger-polsterreiniger-staubsauger-mit-wischfunktion-fur-teppich-sofa-polster-matratze\/","title":{"rendered":"Thomas Aqua+ Pet &#038; Family Staubsauger 1700W Nass-Trockensauger Wischfunktion Tierhaare Teppich Polster"},"content":{"rendered":"<p><strong>Product Overview<\/strong><\/p>\n<ul>\n<li>\n<strong>Marke:<\/strong> THOMAS<\/li>\n<li>\n<strong>Besonderes Merkmal:<\/strong> Tierhaarentfernung, Geruchs- und Fleckenentfernung in einem Arbeitsgang.<\/li>\n<li>\n<strong>Filtertyp:<\/strong> Wasser<\/li>\n<li>\n<strong>Oberfl\u00e4chenempfehlung:<\/strong> Teppich<\/li>\n<li>\n<strong>Stromquelle:<\/strong> Kabelgebunden<\/li>\n<\/ul>\n<p><strong>Product Features<\/strong><\/p>\n<ul>\n<li>MULTIFUNKTIONALE REINIGUNG \u2013 Der THOMAS AQUA+ PET &#038; FAMILY ist dein kraftvoller Tierhaar Staubsauger f\u00fcr Teppich, Hartboden, Polster und Matratzen. Er entfernt Katzen- und Hundehaare ebenso zuverl\u00e4ssig wie Schmutz und Ger\u00fcche. Der ideale Sauger f\u00fcr Haustierhaushalte und Familien im Alltag.<\/li>\n<li>MAXIMALE SAUGLEISTUNG \u2013 Mit 1700 Watt max. bietet der beutellose Staubsauger mit Kabel eine enorme Saugkraft. Hunde- und Katzenhaare, Matschpfoten, tiefsitzender Staub und Schmutz, Allergene, Milben Ger\u00fcche &#8211; der Nasssauger von THOMAS nimmt selbst hartn\u00e4ckige Verschmutzungen m\u00fchelos auf.<\/li>\n<li>3 in 1 FUNKTION &#8211; Saugen, wischen und trocknen &#8211; Der THOMAS AQUA+ PET &#038; FAMILY verbindet Waschsauger, Fleckenentferner und Wischsauger in einem Ger\u00e4t. Dabei kannst du flexibel zwischen der beutellosen Reinigung und der Nasssaugfunktion wechseln.<\/li>\n<li>BEUTELLOSER STAUBSAUGER MIT WASSERFILTERUNG &#8211; Tierhaare, Staub, Milben und Ger\u00fcche werden zuverl\u00e4ssig im Wasser gebunden und ohne gro\u00dfen Aufwand mit dem Schmutzwasser entsorgt.<\/li>\n<li>UMFRANGREICHES ZUBEH\u00d6R: Dank der Spezial-Tierhaard\u00fcsen wie der umschaltbaren Bodend\u00fcse, der Tierhaar-Polsterd\u00fcse und der extra langen Fugend\u00fcse entfernst du Hunde- und Katzenhaare schnell und einfach von Polstern, Fliesen und Teppichen. Mit den beiden Spr\u00fchexd\u00fcsen reinigst du mit dem Saugwischer neben Teppich auch das Sofa, Hundebetten wie auch Matratzen und Autositze tiefenrein.<\/li>\n<li>MADE IN GERMANY: Der THOMAS Staubsauger zur effektiven Entfernung von Tierhaaren und Flecken \u00fcberzeugt durch langlebige Materialien, deutsche Ingenieurskunst und hohe Zuverl\u00e4ssigkeit. Als Staubsauger mit Wischfunktion bietet er eine starke Performance, hygienische Tiefenreinigung und eine maximale Qualit\u00e4t f\u00fcr Tierhaushalte und Familien.<\/li>\n<\/ul>\n<p><strong>Product Information<\/strong><\/p>\n<ul>\n<table style=\"margin-bottom:20px\">\n<tbody>\n<tr>\n<td><strong>Besondere Merkmale<\/strong><\/td>\n<td>Tierhaarentfernung, Geruchs- und Fleckenentfernung in einem Arbeitsgang.<\/td>\n<\/tr>\n<tr>\n<td><strong>Filtertyp<\/strong><\/td>\n<td>Wasser<\/td>\n<\/tr>\n<tr>\n<td><strong>Geeignete Gel\u00e4ndeart<\/strong><\/td>\n<td>Teppich<\/td>\n<\/tr>\n<tr>\n<td><strong>Kapazit\u00e4t<\/strong><\/td>\n<td>1,8 Liter<\/td>\n<\/tr>\n<tr>\n<td><strong>Empfohlene Verw.bereiche f\u00fcr Produkt<\/strong><\/td>\n<td>Entfernt Tierhaare, Flecken und Ger\u00fcche dank Spr\u00fchextraktionssystem und Wasserfilter<\/td>\n<\/tr>\n<tr>\n<td><strong>Farbe<\/strong><\/td>\n<td>Orange<\/td>\n<\/tr>\n<tr>\n<td><strong>Ger\u00e4uschpegel<\/strong><\/td>\n<td>72 Dezibel<\/td>\n<\/tr>\n<tr>\n<td><strong>Tragbar<\/strong><\/td>\n<td>Nein<\/td>\n<\/tr>\n<tr>\n<td><strong>Anzahl Leistungsstufen<\/strong><\/td>\n<td>1<\/td>\n<\/tr>\n<tr>\n<td><strong>Verwendung im Innen- und Au\u00dfenbereich<\/strong><\/td>\n<td>Innenbereich<\/td>\n<\/tr>\n<tr>\n<td><strong>Betriebsart<\/strong><\/td>\n<td>Kabelgebunden<\/td>\n<\/tr>\n<tr>\n<td><strong>Ist das Produkt kabellos<\/strong><\/td>\n<td>Nein<\/td>\n<\/tr>\n<tr>\n<td><strong>Spannung<\/strong><\/td>\n<td>220 Volt<\/td>\n<\/tr>\n<tr>\n<td><strong>Wattleistung<\/strong><\/td>\n<td>1700 Watt<\/td>\n<\/tr>\n<tr>\n<td><strong>Schlauchl\u00e4nge<\/strong><\/td>\n<td>2 Meter<\/td>\n<\/tr>\n<tr>\n<td><strong>Formfaktor<\/strong><\/td>\n<td>Kanister<\/td>\n<\/tr>\n<tr>\n<td><strong>Marke<\/strong><\/td>\n<td>THOMAS<\/td>\n<\/tr>\n<tr>\n<td><strong>Eingeschlossene Komponenten<\/strong><\/td>\n<td>Turbob\u00fcrste, Polsterd\u00fcse, Fugend\u00fcse, Spr\u00fchex Teppich- und Hartbodend\u00fcse, Spr\u00fchex Polsterd\u00fcse, ProTex Reinigungskonzentrat, XXL-Staubbeutel<\/td>\n<\/tr>\n<tr>\n<td><strong>Modellname<\/strong><\/td>\n<td>THOMAS AQUA+ PET &#038; FAMILY<\/td>\n<\/tr>\n<tr>\n<td><strong>Modellnummer<\/strong><\/td>\n<td>788563<\/td>\n<\/tr>\n<tr>\n<td><strong>Herkunftsland<\/strong><\/td>\n<td>China<\/td>\n<\/tr>\n<tr>\n<td><strong>Hersteller<\/strong><\/td>\n<td>Thomas<\/td>\n<\/tr>\n<tr>\n<td><strong>Anzahl von Artikeln<\/strong><\/td>\n<td>1<\/td>\n<\/tr>\n<tr>\n<td><strong>Global Trade Identification Number<\/strong><\/td>\n<td>04005435108976<\/td>\n<\/tr>\n<tr>\n<td><strong>Artikeltyp Name<\/strong><\/td>\n<td>Staub- und Waschsauger<\/td>\n<\/tr>\n<tr>\n<td><strong>Anzahl von Einheiten<\/strong><\/td>\n<td>1.0 st\u00fcck<\/td>\n<\/tr>\n<tr>\n<td><strong>Amazon Bestseller-Rang<\/strong><\/td>\n<td><\/td>\n<\/tr>\n<tr>\n<td><strong>ASIN<\/strong><\/td>\n<td>B009RHCF5A<\/td>\n<\/tr>\n<tr>\n<td><strong>Durchschnittliche Kundenbewertung<\/strong><\/td>\n<td><\/td>\n<\/tr>\n<tr>\n<td><strong>Artikelgewicht<\/strong><\/td>\n<td>8,25 Kilogramm<\/td>\n<\/tr>\n<tr>\n<td><strong>Artikel Abmessungen L x B x H<\/strong><\/td>\n<td>48,6L x 31,8B x 30,6H cm<\/td>\n<\/tr>\n<tr>\n<td><strong>Controllertyp<\/strong><\/td>\n<td>Drucktaste<\/td>\n<\/tr>\n<tr>\n<td><strong>Verbindungstechnik<\/strong><\/td>\n<td>Kabelgebunden<\/td>\n<\/tr>\n<\/tbody>\n<\/table>\n<\/ul>","protected":false},"excerpt":{"rendered":"<p>Product Overview Marke: THOMAS Besonderes Merkmal: Tierhaarentfernung, Geruchs- und Fleckenentfernung in einem Arbeitsgang. Filtertyp: Wasser Oberfl\u00e4chenempfehlung: Teppich Stromquelle: Kabelgebunden Product<\/p>","protected":false},"featured_media":31973,"comment_status":"open","ping_status":"closed","template":"","meta":[],"product_brand":[],"product_cat":[153],"product_tag":[],"class_list":{"0":"post-31768","1":"product","2":"type-product","3":"status-publish","4":"has-post-thumbnail","6":"product_cat-staubsauger","8":"first","9":"instock","10":"sale","11":"shipping-taxable","12":"purchasable","13":"product-type-simple"},"jetpack_sharing_enabled":true,"_links":{"self":[{"href":"https:\/\/trampoflex.shop\/en\/wp-json\/wp\/v2\/product\/31768","targetHints":{"allow":["GET"]}}],"collection":[{"href":"https:\/\/trampoflex.shop\/en\/wp-json\/wp\/v2\/product"}],"about":[{"href":"https:\/\/trampoflex.shop\/en\/wp-json\/wp\/v2\/types\/product"}],"replies":[{"embeddable":true,"href":"https:\/\/trampoflex.shop\/en\/wp-json\/wp\/v2\/comments?post=31768"}],"version-history":[{"count":0,"href":"https:\/\/trampoflex.shop\/en\/wp-json\/wp\/v2\/product\/31768\/revisions"}],"wp:featuredmedia":[{"embeddable":true,"href":"https:\/\/trampoflex.shop\/en\/wp-json\/wp\/v2\/media\/31973"}],"wp:attachment":[{"href":"https:\/\/trampoflex.shop\/en\/wp-json\/wp\/v2\/media?parent=31768"}],"wp:term":[{"taxonomy":"product_brand","embeddable":true,"href":"https:\/\/trampoflex.shop\/en\/wp-json\/wp\/v2\/product_brand?post=31768"},{"taxonomy":"product_cat","embeddable":true,"href":"https:\/\/trampoflex.shop\/en\/wp-json\/wp\/v2\/product_cat?post=31768"},{"taxonomy":"product_tag","embeddable":true,"href":"https:\/\/trampoflex.shop\/en\/wp-json\/wp\/v2\/product_tag?post=31768"}],"curies":[{"name":"wp","href":"https:\/\/api.w.org\/{rel}","templated":true}]}}