{"id":31752,"date":"2026-05-10T12:02:49","date_gmt":"2026-05-10T12:02:49","guid":{"rendered":"https:\/\/trampoflex.shop\/product\/roborock-h60-hub-ultra-akku-staubsauger-mit-absaugstation-210aw-kraftvolle-saugleistung-90-min-maximale-laufzeit-staubsauger-kabellos-anti-tangle-burste-fur-teppiche-hartboden-tierhaare-auto\/"},"modified":"2026-05-11T13:55:40","modified_gmt":"2026-05-11T13:55:40","slug":"roborock-h60-hub-ultra-akku-staubsauger-mit-absaugstation-210aw-kraftvolle-saugleistung-90-min-maximale-laufzeit-staubsauger-kabellos-anti-tangle-burste-fur-teppiche-hartboden-tierhaare-auto","status":"publish","type":"product","link":"https:\/\/trampoflex.shop\/en\/product\/roborock-h60-hub-ultra-akku-staubsauger-mit-absaugstation-210aw-kraftvolle-saugleistung-90-min-maximale-laufzeit-staubsauger-kabellos-anti-tangle-burste-fur-teppiche-hartboden-tierhaare-auto\/","title":{"rendered":"Roborock H60 Hub Ultra Akku-Staubsauger 210AW 90 Min Laufzeit Absaugstation Anti-Tangle Tierhaare"},"content":{"rendered":"<p><strong>Product Overview<\/strong><\/p>\n<ul>\n<li>\n<strong>Marke:<\/strong> roborock<\/li>\n<li>\n<strong>Besonderes Merkmal:<\/strong> <\/li>\n<li>\n<strong>Filtertyp:<\/strong> HEPA Filter<\/li>\n<li>\n<strong>Oberfl\u00e4chenempfehlung:<\/strong> Teppich, Harter Boden<\/li>\n<li>\n<strong>Stromquelle:<\/strong> Batteriebetrieben<\/li>\n<\/ul>\n<p><strong>Product Features<\/strong><\/p>\n<ul>\n<li>100 Tage freih\u00e4ndige Staubentsorgung: Mit der automatischen Absaugstation geh\u00f6rt das manuelle Entleeren der Vergangenheit an. Der 3L versiegelte Staubbeutel sammelt Schmutz in weniger als 10 Sekunden und muss erst nach ca. 100 Tagen gewechselt werden. Dieser kabellose Staubsauger ist perfekt f\u00fcr Haushalte mit Haustieren geeignet \u2013 Der Akku Staubsauger entfernt problemlos Tierhaare, Hautschuppen und allt\u00e4glichen Schmutz.<\/li>\n<li>Unschlagbare 210AW Saugleistung &#038; Anti-Verhedderungsb\u00fcrste: Dieser beutellose Staubsauger nimmt hartn\u00e4ckigen Schmutz und Tierhaare auf Teppichen und Hartb\u00f6den zuverl\u00e4ssig auf. Die einzigartige Walzenb\u00fcrste mit Haifischzahn-Design verhindert effektiv Haarverwicklungen. Mit diesem Akkusauger erleben Sie eine unvergleichliche Reinigungsleistung.<\/li>\n<li>Bis zu 90 Minuten Laufzeit: Mit diesem Staubsauger k\u00f6nnen Sie mit einer einzigen Akkuladung das ganze Haus reinigen. Der Langzeitakku bietet eine Laufzeit von bis zu 90 Minuten. Dank des herausnehmbaren Akkus k\u00f6nnen Sie diesen bei Bedarf schnell austauschen. (Bitte beachten Sie, dass die Betriebsdauer dieses Staubsaugers aufgrund seiner starken Saugkraft je nach gew\u00e4hltem Modus variieren kann! Wir empfehlen Ihnen dringend, den Reinigungsmodus entsprechend Ihren tats\u00e4chlichen Anforderungen auszuw\u00e4hlen, um sicherzustellen, dass Sie gen\u00fcgend Zeit f\u00fcr eine durchgehende Reinigung haben).<\/li>\n<li>Verbessertes 5-stufiges Mehrfach-Zyklon-Filtersystem. Das 9-Zyklon-System des Akku Staubsaugers mit station optimiert die Effizienz der Staub-Luft-Trennung. In Kombination mit dem 5-stufigen Filtersystem werden 99,9 % der Feinstaubpartikel aufgefangen, wodurch eine gleichbleibende Saugleistung ohne Nachlassen und eine geringe Verstopfungsanf\u00e4lligkeit gew\u00e4hrleistet sind. Der Filter dieses Akkusaugers ist waschbar, was die Wartung einfach und kosteng\u00fcnstig macht.<\/li>\n<li>140\u00b0-Weitwinkel-Gr\u00fcnlicht Dust Detection-Technologie: Die gr\u00fcne LED-Beleuchtung dieses Akkusaugers mit absaugstation macht selbst feinen Staub sichtbar, der f\u00fcr das blo\u00dfe Auge nicht erkennbar ist. Der gro\u00dfe Beleuchtungsbereich erleichtert das Reinigen entlang von Kanten und unter M\u00f6beln. Es ist keine Wandhalterung erforderlich \u2013 die Basisstation dient automatisch zum Aufladen und zur Aufbewahrung, was die Nutzung vereinfacht und f\u00fcr mehr Ordnung sorgt.<\/li>\n<li>Zubeh\u00f6r f\u00fcr alle Oberfl\u00e4chen &#038; smarte Aufbewahrung: Die V-f\u00f6rmige Walzenb\u00fcrste passt sich Teppichen, Fliesen und Parkett an.Die vielseitigen D\u00fcsen erleichtern die Reinigung von Polsterm\u00f6beln, Tierbetten und Autositzen \u2013 der perfekte Akku-Staubsauger f\u00fcr das Auto. Alle Zubeh\u00f6rteile lassen sich ordentlich in der Absaugstation verstauen, ohne unn\u00f6tigen Platz zu beanspruchen.<\/li>\n<\/ul>\n<p><strong>Product Information<\/strong><\/p>\n<ul>\n<table style=\"margin-bottom:20px\">\n<tbody>\n<tr>\n<td><strong>Besondere Merkmale<\/strong><\/td>\n<td>\u27a4 210 AW extrem starke Saugkraft \u27a4Akkusauger mit 3-L-Absaugstation;\u27a4 99,9 % hocheffiziente Filterung; \u27a4 0 % Verwicklungsrate bei der Bodenb\u00fcrste mit Haifischzahnprofil; \u27a4 Gummi-Fussb\u00fcrste mit extrem hoher Reinigungskraft; \u27a4 140\u00b0-Weitwinkel-Frontbeleuchtung in Gr\u00fcn; \u27a4 Zuverl\u00e4ssiger Kundenservice; \u27a4 LED-Display; \u27a49-Kegel-Zyklon; \u27a4Extrem leise mit mindestens 75 dB; \u27a4Bis zu 90 Minuten Laufzeit; \u27a43,5 Stunden Schnellladung; \u27a4Sicherere Soft-Pack-Batterie; \u27a4Waschbare Aufs\u00e4tze und Filtersystem;<\/td>\n<\/tr>\n<tr>\n<td><strong>Filtertyp<\/strong><\/td>\n<td>HEPA Filter<\/td>\n<\/tr>\n<tr>\n<td><strong>Geeignete Gel\u00e4ndeart<\/strong><\/td>\n<td>Teppich, Harter Boden<\/td>\n<\/tr>\n<tr>\n<td><strong>Kapazit\u00e4t<\/strong><\/td>\n<td>33 Pfund<\/td>\n<\/tr>\n<tr>\n<td><strong>Max. Saugleistung<\/strong><\/td>\n<td>210 Zentimeter<\/td>\n<\/tr>\n<tr>\n<td><strong>Empfohlene Verw.bereiche f\u00fcr Produkt<\/strong><\/td>\n<td>Teppiche, Hartb\u00f6den, Polster, Auto-Innenr\u00e4ume, Tierhaare<\/td>\n<\/tr>\n<tr>\n<td><strong>Farbe<\/strong><\/td>\n<td>Schwarz und Wei\u00df<\/td>\n<\/tr>\n<tr>\n<td><strong>Stil\/Form<\/strong><\/td>\n<td>H60 Hub Ultra<\/td>\n<\/tr>\n<tr>\n<td><strong>Anzahl G\u00e4nge<\/strong><\/td>\n<td>3<\/td>\n<\/tr>\n<tr>\n<td><strong>Tragbar<\/strong><\/td>\n<td>Ja<\/td>\n<\/tr>\n<tr>\n<td><strong>Anzahl Leistungsstufen<\/strong><\/td>\n<td>3<\/td>\n<\/tr>\n<tr>\n<td><strong>Verwendung im Innen- und Au\u00dfenbereich<\/strong><\/td>\n<td>Innenbereich<\/td>\n<\/tr>\n<tr>\n<td><strong>Anzahl an R\u00e4dern<\/strong><\/td>\n<td>2<\/td>\n<\/tr>\n<tr>\n<td><strong>Betriebsart<\/strong><\/td>\n<td>Batteriebetrieben<\/td>\n<\/tr>\n<tr>\n<td><strong>Ist das Produkt kabellos<\/strong><\/td>\n<td>Ja<\/td>\n<\/tr>\n<tr>\n<td><strong>Artikelgewicht<\/strong><\/td>\n<td>9,8 Kilogramm<\/td>\n<\/tr>\n<tr>\n<td><strong>Artikel Abmessungen L x B x H<\/strong><\/td>\n<td>29,3L x 25B x 114,6H cm<\/td>\n<\/tr>\n<tr>\n<td><strong>Formfaktor<\/strong><\/td>\n<td>Stick<\/td>\n<\/tr>\n<tr>\n<td><strong>Marke<\/strong><\/td>\n<td>roborock<\/td>\n<\/tr>\n<tr>\n<td><strong>Eingeschlossene Komponenten<\/strong><\/td>\n<td>Fugend\u00fcse, Ladestation, Zubeh\u00f6rset<\/td>\n<\/tr>\n<tr>\n<td><strong>Modellname<\/strong><\/td>\n<td>H60 Hub Ultra<\/td>\n<\/tr>\n<tr>\n<td><strong>Modellnummer<\/strong><\/td>\n<td>H60 Hub Ultra<\/td>\n<\/tr>\n<tr>\n<td><strong>Herkunftsland<\/strong><\/td>\n<td>China<\/td>\n<\/tr>\n<tr>\n<td><strong>Hersteller<\/strong><\/td>\n<td>roborock<\/td>\n<\/tr>\n<tr>\n<td><strong>Anzahl von Artikeln<\/strong><\/td>\n<td>1<\/td>\n<\/tr>\n<tr>\n<td><strong>Global Trade Identification Number<\/strong><\/td>\n<td>00810125544255<\/td>\n<\/tr>\n<tr>\n<td><strong>Artikeltyp Name<\/strong><\/td>\n<td>Staubsauger Kabellos<\/td>\n<\/tr>\n<tr>\n<td><strong>Anzahl von Einheiten<\/strong><\/td>\n<td>1.0 st\u00fcck<\/td>\n<\/tr>\n<tr>\n<td><strong>Amazon Bestseller-Rang<\/strong><\/td>\n<td><\/td>\n<\/tr>\n<tr>\n<td><strong>ASIN<\/strong><\/td>\n<td>B0F3DCFBCW<\/td>\n<\/tr>\n<tr>\n<td><strong>Durchschnittliche Kundenbewertung<\/strong><\/td>\n<td><\/td>\n<\/tr>\n<tr>\n<td><strong>Spannung<\/strong><\/td>\n<td>220 Volt<\/td>\n<\/tr>\n<tr>\n<td><strong>Batterieladezeit<\/strong><\/td>\n<td>3,5 Stunden<\/td>\n<\/tr>\n<tr>\n<td><strong>Akkulaufzeit<\/strong><\/td>\n<td>90 Minuten<\/td>\n<\/tr>\n<tr>\n<td><strong>Dauer<\/strong><\/td>\n<td>1 Stunde und 30 Minuten<\/td>\n<\/tr>\n<\/tbody>\n<\/table>\n<\/ul>","protected":false},"excerpt":{"rendered":"<p>Product Overview Marke: roborock Besonderes Merkmal: Filtertyp: HEPA Filter Oberfl\u00e4chenempfehlung: Teppich, Harter Boden Stromquelle: Batteriebetrieben Product Features 100 Tage freih\u00e4ndige<\/p>","protected":false},"featured_media":31928,"comment_status":"open","ping_status":"closed","template":"","meta":[],"product_brand":[],"product_cat":[153],"product_tag":[],"class_list":{"0":"post-31752","1":"product","2":"type-product","3":"status-publish","4":"has-post-thumbnail","6":"product_cat-staubsauger","8":"first","9":"instock","10":"sale","11":"shipping-taxable","12":"purchasable","13":"product-type-variable"},"jetpack_sharing_enabled":true,"_links":{"self":[{"href":"https:\/\/trampoflex.shop\/en\/wp-json\/wp\/v2\/product\/31752","targetHints":{"allow":["GET"]}}],"collection":[{"href":"https:\/\/trampoflex.shop\/en\/wp-json\/wp\/v2\/product"}],"about":[{"href":"https:\/\/trampoflex.shop\/en\/wp-json\/wp\/v2\/types\/product"}],"replies":[{"embeddable":true,"href":"https:\/\/trampoflex.shop\/en\/wp-json\/wp\/v2\/comments?post=31752"}],"version-history":[{"count":0,"href":"https:\/\/trampoflex.shop\/en\/wp-json\/wp\/v2\/product\/31752\/revisions"}],"wp:featuredmedia":[{"embeddable":true,"href":"https:\/\/trampoflex.shop\/en\/wp-json\/wp\/v2\/media\/31928"}],"wp:attachment":[{"href":"https:\/\/trampoflex.shop\/en\/wp-json\/wp\/v2\/media?parent=31752"}],"wp:term":[{"taxonomy":"product_brand","embeddable":true,"href":"https:\/\/trampoflex.shop\/en\/wp-json\/wp\/v2\/product_brand?post=31752"},{"taxonomy":"product_cat","embeddable":true,"href":"https:\/\/trampoflex.shop\/en\/wp-json\/wp\/v2\/product_cat?post=31752"},{"taxonomy":"product_tag","embeddable":true,"href":"https:\/\/trampoflex.shop\/en\/wp-json\/wp\/v2\/product_tag?post=31752"}],"curies":[{"name":"wp","href":"https:\/\/api.w.org\/{rel}","templated":true}]}}