{"id":31741,"date":"2026-05-10T12:02:48","date_gmt":"2026-05-10T12:02:48","guid":{"rendered":"https:\/\/trampoflex.shop\/product\/proscenic-q20plus-saugroboter-mit-wischfunktion-10000pa-200min-staubsauger-roboter-mit-beutellose-entleerungsstation-3-in-1-saug-und-wischroboter-fur-tierhaare-teppiche-hartboden-schwarz\/"},"modified":"2026-05-10T12:02:49","modified_gmt":"2026-05-10T12:02:49","slug":"proscenic-q20plus-saugroboter-mit-wischfunktion-10000pa-200min-staubsauger-roboter-mit-beutellose-entleerungsstation-3-in-1-saug-und-wischroboter-fur-tierhaare-teppiche-hartboden-schwarz","status":"publish","type":"product","link":"https:\/\/trampoflex.shop\/en\/product\/proscenic-q20plus-saugroboter-mit-wischfunktion-10000pa-200min-staubsauger-roboter-mit-beutellose-entleerungsstation-3-in-1-saug-und-wischroboter-fur-tierhaare-teppiche-hartboden-schwarz\/","title":{"rendered":"Proscenic Q20Plus Saugroboter Wischroboter 10000 Pa 200 Min Beutellose Entleerungsstation Tierhaare Schwarz"},"content":{"rendered":"<p><strong>Product Overview<\/strong><\/p>\n<ul>\n<li>\n<strong>Marke:<\/strong> Proscenic<\/li>\n<li>\n<strong>Modellname:<\/strong> Staubsauger<\/li>\n<li>\n<strong>Oberfl\u00e4chenempfehlung:<\/strong> Hartb\u00f6den, Holzb\u00f6den, Fliesen, Teppich<\/li>\n<li>\n<strong>Besonderes Merkmal:<\/strong> <\/li>\n<li>\n<strong>Farbe:<\/strong> Schwarz<\/li>\n<\/ul>\n<p><strong>Product Features<\/strong><\/p>\n<ul>\n<li>\u3010Beutellose Automatische Entleerung\u3011Der Saugroboter Q20 plus verf\u00fcgt \u00fcber einen innovativen Multi-Zyklon-Staubbeh\u00e4lter, der sich nach jeder Benutzung automatisch in nur 10 Sekunden in den 4-Liter-Auffangbeh\u00e4lter entleert&#8211;Bis zu 90 Tage wartungsfreier Betrieb. Dank des beutellosen Designs entf\u00e4llt der Austausch von Verbrauchsmaterialien, was den Saugroboter wirtschaftlich und umweltfreundlich macht. (*Spart ca. 70 \u20ac pro Jahr)<\/li>\n<li>\u301010000 Pa Hochleistungssaugkraft &#038; 60 dB leiser Modus\u3011Der Roboter Q20 plus ist mit einem leistungsstarken b\u00fcrstenlosen Motor mit einer Saugkraft von bis zu 10.000 Pa ausgestattet. Er entfernt m\u00fchelos Staub, Kr\u00fcmel, Haare und eingebetteten Schmutz von allen Bodenarten \u2013 ob Hartboden oder Teppich. Dank automatischer Saugkraftverst\u00e4rkung auf Teppichen dringt er tief in die Fasern ein, ohne die Oberfl\u00e4che zu besch\u00e4digen. Gleichzeitig arbeitet es ger\u00e4uschlos (60 dB).<\/li>\n<li>\u3010Reaktive KI-Hinderniserkennung und pr\u00e4zise LiDAR-Navigation\u3011Der Q20 Plus Roboterstaubsauger kombiniert LiDAR-Technologie und fortschrittliche KI, um Ihr Zuhause millimetergenau zu kartieren. Er scannt 2160 Mal pro Sekunde und deckt dabei eine Reichweite von 8 Metern ab. In nur 15 Minuten erstellt der Roboter eine detaillierte Karte Ihrer Wohnung und plant die effizienteste Reinigungsroute. Ausgestattet mit einem Dual-Laser-System erkennt er Hindernisse aus gro\u00dfer Entfernung und reagiert schnell und pr\u00e4zise auf Kabel, niedrige M\u00f6bel und Treppen.<\/li>\n<li>\u3010Mehrfach-Kartierung\u3011 Der Saugroboter Q20 Plus speichert bis zu 5 bearbeitbare Karten, sodass Sie die Reinigungseinstellungen individuell an verschiedene B\u00f6den und Umgebungen (z. B. Doppelhaush\u00e4lften, Dachb\u00f6den usw.) anpassen k\u00f6nnen. Definieren Sie einfach rechteckige Bereiche auf der Karte \u2013 f\u00fcr eine gezielte Reinigung (z. B. unter dem Esstisch) oder als Sperrzonen (z. B. um den Futternapf oder die Spielmatte). Dank flexibler Reinigungspl\u00e4ne, Reinigungsreihenfolge und Modusauswahl profitieren Sie von personalisierten, intelligenten Reinigungsl\u00f6sungen.<\/li>\n<li>\u30103-in-1 Saug und Wischroboter\u3011Der Q20 plus Staubsauger Roboter kombiniert Kehren, Saugen und Wischen in einem Arbeitsgang. Mit einem 300 ml Staubbeh\u00e4lter und einem 200 ml Wassertank erfolgt die Reinigung ohne manuellen Wechsel. Drei saugstufen und drei Wasserst\u00e4nde lassen sich frei kombinieren \u2013 ideal f\u00fcr Fliesen, Hartb\u00f6den und punktuelle Intensiveinigung. Schon durch 2-maliges Einrichten des Reinigungszyklus startet der Matrix-Reinigungsmodus f\u00fcr eine systematische Fl\u00e4chenabdeckung und intensive Beseitigung von R\u00fcckst\u00e4nden.<\/li>\n<li>\u3010Extra lange Laufzeit: 200 Min. Non-Stop-Reinigung\u3011Mit seinem 3200-mAh-Akku bietet der Roboter 200 Minuten Reinigungszeit (230 m\u00b2). Er l\u00e4dt sich automatisch auf, sobald der Akku unter 15 % f\u00e4llt, und setzt die Reinigung nach dem Aufladen genau dort fort, wo er aufgeh\u00f6rt hat \u2013 ganz ohne manuelles Eingreifen. Ein makellos sauberes Zuhause, m\u00fchelos.<\/li>\n<\/ul>\n<p><strong>Product Information<\/strong><\/p>\n<ul>\n<table style=\"margin-bottom:20px\">\n<tbody>\n<tr>\n<td><strong>Geeignete Gel\u00e4ndeart<\/strong><\/td>\n<td>Hartb\u00f6den, Holzb\u00f6den, Fliesen, Teppich<\/td>\n<\/tr>\n<tr>\n<td><strong>Besondere Merkmale<\/strong><\/td>\n<td>\u27a4Umweltfreundlicher, beutelloser Staubsauger mit Selbstentleerung \u27a44-Liter-Staubbeh\u00e4lter \u27a4 10000 Pa starke Saugkraft \u27a4200 Minuten lange Akkulaufzeit \u27a4Pr\u00e4zise 360\u00b0-LiDAR-Navigation \u27a4Drei-in-Eins-Kehren und Wischen \u27a4Intelligente Sprachsteuerung \u27a4Individuelle Reinigung nach Ma\u00df \u27a4Speichern Sie 5 Karten und legen Sie 15 Sperrgebiete fest \u27a4Anti-Drop, Anti-Stuck und Anti-Kollision \u27a4Starke Saugkraft \u27a4Leiser b\u00fcrstenloser Motor<\/td>\n<\/tr>\n<tr>\n<td><strong>Controllertyp<\/strong><\/td>\n<td>App-Steuerung, Fernsteuerung, Sprachsteuerung, Touchpad-Steuerung<\/td>\n<\/tr>\n<tr>\n<td><strong>Filtertyp<\/strong><\/td>\n<td>HEPA<\/td>\n<\/tr>\n<tr>\n<td><strong>Akkulaufzeit<\/strong><\/td>\n<td>200 Minuten<\/td>\n<\/tr>\n<tr>\n<td><strong>Batterietyp<\/strong><\/td>\n<td>Lithium-Ionen<\/td>\n<\/tr>\n<tr>\n<td><strong>Spannung<\/strong><\/td>\n<td>28 Volt<\/td>\n<\/tr>\n<tr>\n<td><strong>Kapazit\u00e4t<\/strong><\/td>\n<td>600 Milliliter<\/td>\n<\/tr>\n<tr>\n<td><strong>Betriebsart<\/strong><\/td>\n<td>Batteriebetrieben<\/td>\n<\/tr>\n<tr>\n<td><strong>Batterien enthalten<\/strong><\/td>\n<td>Ja<\/td>\n<\/tr>\n<tr>\n<td><strong>Steuerungsart<\/strong><\/td>\n<td>App, Ferngesteuert<\/td>\n<\/tr>\n<tr>\n<td><strong>Kompatible Ger\u00e4te<\/strong><\/td>\n<td>Amazon Echo, Google Home, Smartphones, Tablets<\/td>\n<\/tr>\n<tr>\n<td><strong>Formfaktor<\/strong><\/td>\n<td>rund<\/td>\n<\/tr>\n<tr>\n<td><strong>Marke<\/strong><\/td>\n<td>Proscenic<\/td>\n<\/tr>\n<tr>\n<td><strong>Modellname<\/strong><\/td>\n<td>Staubsauger<\/td>\n<\/tr>\n<tr>\n<td><strong>Eingeschlossene Komponenten<\/strong><\/td>\n<td>Haupteinheit (Kombi-Beh\u00e4lter: Staubbeh\u00e4lter + Wassertank) *1; Entleerungsstation *1; Fernbedienung *1; Knopfzellenbatterien (Typ LR927) *1 Paar; HEPA-Filter *2 ; Seitenb\u00fcrsten *2; Moppt\u00fccher *2; Mopp-Halterung *1; Reinigungsb\u00fcrste *1; Bedienungsanleitung *1; Kurzanleitung (Englisch) *1<\/td>\n<\/tr>\n<tr>\n<td><strong>Modellnummer<\/strong><\/td>\n<td>Q20 Plus<\/td>\n<\/tr>\n<tr>\n<td><strong>Anzahl von Artikeln<\/strong><\/td>\n<td>1<\/td>\n<\/tr>\n<tr>\n<td><strong>Artikeltyp Name<\/strong><\/td>\n<td>Staubsauger<\/td>\n<\/tr>\n<tr>\n<td><strong>Herkunftsland<\/strong><\/td>\n<td>China<\/td>\n<\/tr>\n<tr>\n<td><strong>Hersteller<\/strong><\/td>\n<td>Proscenic<\/td>\n<\/tr>\n<tr>\n<td><strong>Anzahl von Einheiten<\/strong><\/td>\n<td>1.0 st\u00fcck<\/td>\n<\/tr>\n<tr>\n<td><strong>Amazon Bestseller-Rang<\/strong><\/td>\n<td><\/td>\n<\/tr>\n<tr>\n<td><strong>ASIN<\/strong><\/td>\n<td>B0FPCN5PP8<\/td>\n<\/tr>\n<tr>\n<td><strong>Durchschnittliche Kundenbewertung<\/strong><\/td>\n<td><\/td>\n<\/tr>\n<tr>\n<td><strong>Geeignete Gel\u00e4ndeart<\/strong><\/td>\n<td>Hartb\u00f6den, Holzb\u00f6den, Fliesen, Teppich<\/td>\n<\/tr>\n<tr>\n<td><strong>Besondere Merkmale<\/strong><\/td>\n<td>\u27a4Umweltfreundlicher, beutelloser Staubsauger mit Selbstentleerung \u27a44-Liter-Staubbeh\u00e4lter \u27a4 10000 Pa starke Saugkraft \u27a4200 Minuten lange Akkulaufzeit \u27a4Pr\u00e4zise 360\u00b0-LiDAR-Navigation \u27a4Drei-in-Eins-Kehren und Wischen \u27a4Intelligente Sprachsteuerung \u27a4Individuelle Reinigung nach Ma\u00df \u27a4Speichern Sie 5 Karten und legen Sie 15 Sperrgebiete fest \u27a4Anti-Drop, Anti-Stuck und Anti-Kollision \u27a4Starke Saugkraft \u27a4Leiser b\u00fcrstenloser Motor<\/td>\n<\/tr>\n<tr>\n<td><strong>Farbe<\/strong><\/td>\n<td>Schwarz<\/td>\n<\/tr>\n<tr>\n<td><strong>Filtertyp<\/strong><\/td>\n<td>HEPA<\/td>\n<\/tr>\n<tr>\n<td><strong>Kapazit\u00e4t<\/strong><\/td>\n<td>600 Milliliter<\/td>\n<\/tr>\n<tr>\n<td><strong>Empfohlene Verw.bereiche f\u00fcr Produkt<\/strong><\/td>\n<td>Reinigung von Hartb\u00f6den und Teppichen, Entfernung von Tierhaaren und eingebettetem Schmutz, Gro\u00dffl\u00e4chige Reinigung, Anpassbare Reinigung nach Ma\u00df<\/td>\n<\/tr>\n<tr>\n<td><strong>Anzahl Leistungsstufen<\/strong><\/td>\n<td>3<\/td>\n<\/tr>\n<tr>\n<td><strong>Ger\u00e4uschpegel<\/strong><\/td>\n<td>60 Dezibel<\/td>\n<\/tr>\n<tr>\n<td><strong>Tragbar<\/strong><\/td>\n<td>Nein<\/td>\n<\/tr>\n<tr>\n<td><strong>Verwendung im Innen- und Au\u00dfenbereich<\/strong><\/td>\n<td>Innenbereich<\/td>\n<\/tr>\n<tr>\n<td><strong>Anzahl an R\u00e4dern<\/strong><\/td>\n<td>2<\/td>\n<\/tr>\n<tr>\n<td><strong>Stil\/Form<\/strong><\/td>\n<td>Vacuum cleaner<\/td>\n<\/tr>\n<tr>\n<td><strong>Anzahl G\u00e4nge<\/strong><\/td>\n<td>2<\/td>\n<\/tr>\n<tr>\n<td><strong>Artikel Abmessungen L x B x H<\/strong><\/td>\n<td>32L x 32B x 9,7H cm<\/td>\n<\/tr>\n<\/tbody>\n<\/table>\n<\/ul>","protected":false},"excerpt":{"rendered":"<p>Product Overview Marke: Proscenic Modellname: Staubsauger Oberfl\u00e4chenempfehlung: Hartb\u00f6den, Holzb\u00f6den, Fliesen, Teppich Besonderes Merkmal: Farbe: Schwarz Product Features \u3010Beutellose Automatische Entleerung\u3011Der<\/p>","protected":false},"featured_media":31903,"comment_status":"open","ping_status":"closed","template":"","meta":[],"product_brand":[],"product_cat":[153],"product_tag":[],"class_list":{"0":"post-31741","1":"product","2":"type-product","3":"status-publish","4":"has-post-thumbnail","6":"product_cat-staubsauger","8":"first","9":"instock","10":"sale","11":"shipping-taxable","12":"purchasable","13":"product-type-variable"},"jetpack_sharing_enabled":true,"_links":{"self":[{"href":"https:\/\/trampoflex.shop\/en\/wp-json\/wp\/v2\/product\/31741","targetHints":{"allow":["GET"]}}],"collection":[{"href":"https:\/\/trampoflex.shop\/en\/wp-json\/wp\/v2\/product"}],"about":[{"href":"https:\/\/trampoflex.shop\/en\/wp-json\/wp\/v2\/types\/product"}],"replies":[{"embeddable":true,"href":"https:\/\/trampoflex.shop\/en\/wp-json\/wp\/v2\/comments?post=31741"}],"version-history":[{"count":0,"href":"https:\/\/trampoflex.shop\/en\/wp-json\/wp\/v2\/product\/31741\/revisions"}],"wp:featuredmedia":[{"embeddable":true,"href":"https:\/\/trampoflex.shop\/en\/wp-json\/wp\/v2\/media\/31903"}],"wp:attachment":[{"href":"https:\/\/trampoflex.shop\/en\/wp-json\/wp\/v2\/media?parent=31741"}],"wp:term":[{"taxonomy":"product_brand","embeddable":true,"href":"https:\/\/trampoflex.shop\/en\/wp-json\/wp\/v2\/product_brand?post=31741"},{"taxonomy":"product_cat","embeddable":true,"href":"https:\/\/trampoflex.shop\/en\/wp-json\/wp\/v2\/product_cat?post=31741"},{"taxonomy":"product_tag","embeddable":true,"href":"https:\/\/trampoflex.shop\/en\/wp-json\/wp\/v2\/product_tag?post=31741"}],"curies":[{"name":"wp","href":"https:\/\/api.w.org\/{rel}","templated":true}]}}