{"id":31738,"date":"2026-05-10T12:02:47","date_gmt":"2026-05-10T12:02:47","guid":{"rendered":"https:\/\/trampoflex.shop\/product\/mova-e40-ultra-saugroboter-mit-wischfunktion-autom-leerung-und-19-000-pa-maxireach-wischmopp-t-verhedderungsfreie-seitenburste-eingeb-80-ml-wasserb-all-in-one-station-zu-75-tage-reinigung\/"},"modified":"2026-05-10T12:02:49","modified_gmt":"2026-05-10T12:02:49","slug":"mova-e40-ultra-saugroboter-mit-wischfunktion-autom-leerung-und-19-000-pa-maxireach-wischmopp-t-verhedderungsfreie-seitenburste-eingeb-80-ml-wasserb-all-in-one-station-zu-75-tage-reinigung","status":"publish","type":"product","link":"https:\/\/trampoflex.shop\/en\/product\/mova-e40-ultra-saugroboter-mit-wischfunktion-autom-leerung-und-19-000-pa-maxireach-wischmopp-t-verhedderungsfreie-seitenburste-eingeb-80-ml-wasserb-all-in-one-station-zu-75-tage-reinigung\/","title":{"rendered":"Mova E40 Ultra Saugroboter Wischroboter 19000 Pa Automatische Leerung All-in-One-Station 75 Tage"},"content":{"rendered":"<p><strong>Product Overview<\/strong><\/p>\n<ul>\n<li>\n<strong>Marke:<\/strong> Mova<\/li>\n<li>\n<strong>Modellname:<\/strong> Mova E30 Ultra<\/li>\n<li>\n<strong>Oberfl\u00e4chenempfehlung:<\/strong> All<\/li>\n<li>\n<strong>Besonderes Merkmal:<\/strong> <\/li>\n<li>\n<strong>Farbe:<\/strong> Wei\u00df<\/li>\n<\/ul>\n<p><strong>Product Features<\/strong><\/p>\n<ul>\n<li>Starke Saugkraft von 19.000 Pa: Der TurboForce-6-Motor von MOVA mit seinen 90.000 U\/min sorgt mit einer Saugleistung von bis zu 19.000 Pa f\u00fcr eine gr\u00fcndliche und gleichzeitig leiste Reinigung. Verschmutzungen haben keine Chance \u2013 ob tief in Teppichfasern versteckt, in Fliesenfugen oder auf glatten Marmorb\u00f6den.<\/li>\n<li>MaxiReach-Wischmopp-T., makellose Kantenreinigung: Durch den automatisch ausziehbaren Mopp erreicht der E40 Ultra problemlos schwer zug\u00e4ngliche Stellen und wischt in den Zwischenr\u00e4umen unter M\u00f6beln und in engen Ecken bis zu einer Tiefe von 4 cm.<\/li>\n<li>All-in-One-Station: Der gro\u00dfz\u00fcgige Frischwasserbeh\u00e4lter und die automatische Reinigung des E40 Ultra erm\u00f6glichen eine m\u00fchelose Reinigung der Wischer-Pads. Die Trocknung mit Warmluft sorgt daf\u00fcr, dass Ihre Wischmopps nach jeder Reinigung schnell trocknen und somit keine unangenehmen Ger\u00fcche entstehen. Die automatische Leerung mit einem 3,2-Liter-Staubbeutel erm\u00f6glicht bis zu 75 Tage Reinigung ohne manuellen Aufwand.<\/li>\n<li>Eingebauter 80-ml-Wasserbeh\u00e4lter, Wischmopp-Befeuchtung w\u00e4hrend Reinigung: Der eingebaute Wasserbeh\u00e4lter mit 80 ml Fassungsverm\u00f6gen bietet drei einstellbare Leistungsstufen: Der schonende Modus eignet sich f\u00fcr Bereiche mit Haustieren, damit das Fell Ihres Haustieres nicht durchn\u00e4sst wird. Der normale Modus empfiehlt sich f\u00fcr die t\u00e4gliche Reinigung. Der intensive Modus ist f\u00fcr stark verschmutzte B\u00f6den gedacht, die besonders gr\u00fcndlich gereinigt werden m\u00fcssen.<\/li>\n<li>Verhedderungsfreie Seitenb\u00fcrste: Bei konventionellen Seitenb\u00fcrsten verfangen sich h\u00e4ufig Haare, doch unser neues Design verf\u00fcgt \u00fcber einen um 45\u00b0 abgewinkelten Gummistreifen, der mit der B\u00fcrstenrotation interagiert: W\u00e4hrend die B\u00fcrste rotiert, lenkt der Gummistreifen die Haare aktiv nach unten, l\u00f6st sie so aus der B\u00fcrste und gew\u00e4hrleistet eine st\u00f6rungsfreie Reinigung ohne Verheddern.<\/li>\n<li>Einzel-Laser-Hindernisvermeidung: Die Einzel-Laser-Hindernisvermeidung des E40 Ultra ermittelt mithilfe eines Einzel-Lasers die Position von Hindernissen, sodass der Saugroboter m\u00fchelos um diese herum navigieren, Kollisionen minimieren und einen unterbrechungsfreien Reinigungsdurchlauf f\u00fcr ein reibungsloses und makelloses Ergebnis erzielen kann.<\/li>\n<\/ul>\n<p><strong>Product Information<\/strong><\/p>\n<ul>\n<table style=\"margin-bottom:20px\">\n<tbody>\n<tr>\n<td><strong>Geeignete Gel\u00e4ndeart<\/strong><\/td>\n<td>All<\/td>\n<\/tr>\n<tr>\n<td><strong>Besondere Merkmale<\/strong><\/td>\n<td>Absturzsicherung, Antikollision, Automatische Staubabsaugung, Fortgeschrittene benutzerdefinierte Reinigung, Intelligente Navigation<\/td>\n<\/tr>\n<tr>\n<td><strong>Controllertyp<\/strong><\/td>\n<td>App-Steuerung, Fernsteuerung, Sprachsteuerung, Tastensteuerung<\/td>\n<\/tr>\n<tr>\n<td><strong>Filtertyp<\/strong><\/td>\n<td>HEPA<\/td>\n<\/tr>\n<tr>\n<td><strong>Pfadbreite reinigen<\/strong><\/td>\n<td>35 Zentimeter<\/td>\n<\/tr>\n<tr>\n<td><strong>Batterietyp<\/strong><\/td>\n<td>Lithium-Ionen<\/td>\n<\/tr>\n<tr>\n<td><strong>Spannung<\/strong><\/td>\n<td>14,4 Volt<\/td>\n<\/tr>\n<tr>\n<td><strong>Betriebsart<\/strong><\/td>\n<td>Batteriebetrieben<\/td>\n<\/tr>\n<tr>\n<td><strong>Batterien enthalten<\/strong><\/td>\n<td>Ja<\/td>\n<\/tr>\n<tr>\n<td><strong>Steuerungsart<\/strong><\/td>\n<td>App, Ber\u00fchren, Ferngesteuert<\/td>\n<\/tr>\n<tr>\n<td><strong>Kompatible Ger\u00e4te<\/strong><\/td>\n<td>Smartphones<\/td>\n<\/tr>\n<tr>\n<td><strong>Formfaktor<\/strong><\/td>\n<td>rund<\/td>\n<\/tr>\n<tr>\n<td><strong>Marke<\/strong><\/td>\n<td>Mova<\/td>\n<\/tr>\n<tr>\n<td><strong>Modellname<\/strong><\/td>\n<td>Mova E30 Ultra<\/td>\n<\/tr>\n<tr>\n<td><strong>Eingeschlossene Komponenten<\/strong><\/td>\n<td>Polvere, docking station<\/td>\n<\/tr>\n<tr>\n<td><strong>Modellnummer<\/strong><\/td>\n<td>RLE21SE<\/td>\n<\/tr>\n<tr>\n<td><strong>Global Trade Identification Number<\/strong><\/td>\n<td>06977728945088<\/td>\n<\/tr>\n<tr>\n<td><strong>Anzahl von Artikeln<\/strong><\/td>\n<td>1<\/td>\n<\/tr>\n<tr>\n<td><strong>Artikeltyp Name<\/strong><\/td>\n<td>Mova E40 Ultra<\/td>\n<\/tr>\n<tr>\n<td><strong>Herkunftsland<\/strong><\/td>\n<td>China<\/td>\n<\/tr>\n<tr>\n<td><strong>Hersteller<\/strong><\/td>\n<td>MOVA<\/td>\n<\/tr>\n<tr>\n<td><strong>Anzahl von Einheiten<\/strong><\/td>\n<td>1.0 st\u00fcck<\/td>\n<\/tr>\n<tr>\n<td><strong>Amazon Bestseller-Rang<\/strong><\/td>\n<td><\/td>\n<\/tr>\n<tr>\n<td><strong>ASIN<\/strong><\/td>\n<td>B0FDLDM33M<\/td>\n<\/tr>\n<tr>\n<td><strong>Durchschnittliche Kundenbewertung<\/strong><\/td>\n<td><\/td>\n<\/tr>\n<tr>\n<td><strong>Geeignete Gel\u00e4ndeart<\/strong><\/td>\n<td>All<\/td>\n<\/tr>\n<tr>\n<td><strong>Besondere Merkmale<\/strong><\/td>\n<td>Absturzsicherung, Antikollision, Automatische Staubabsaugung, Fortgeschrittene benutzerdefinierte Reinigung, Intelligente Navigation<\/td>\n<\/tr>\n<tr>\n<td><strong>Farbe<\/strong><\/td>\n<td>Wei\u00df<\/td>\n<\/tr>\n<tr>\n<td><strong>Filtertyp<\/strong><\/td>\n<td>HEPA<\/td>\n<\/tr>\n<tr>\n<td><strong>Pfadbreite reinigen<\/strong><\/td>\n<td>35 Zentimeter<\/td>\n<\/tr>\n<tr>\n<td><strong>Empfohlene Verw.bereiche f\u00fcr Produkt<\/strong><\/td>\n<td>Reinigung von B\u00f6den, Teppichen und Hartb\u00f6den<\/td>\n<\/tr>\n<tr>\n<td><strong>Anzahl Leistungsstufen<\/strong><\/td>\n<td>3<\/td>\n<\/tr>\n<tr>\n<td><strong>Ger\u00e4uschpegel<\/strong><\/td>\n<td>56 Dezibel<\/td>\n<\/tr>\n<tr>\n<td><strong>Tragbar<\/strong><\/td>\n<td>Nein<\/td>\n<\/tr>\n<tr>\n<td><strong>Verwendung im Innen- und Au\u00dfenbereich<\/strong><\/td>\n<td>Innenbereich<\/td>\n<\/tr>\n<tr>\n<td><strong>Anzahl an R\u00e4dern<\/strong><\/td>\n<td>2<\/td>\n<\/tr>\n<tr>\n<td><strong>Stil\/Form<\/strong><\/td>\n<td>E40 Ultra<\/td>\n<\/tr>\n<tr>\n<td><strong>Anzahl G\u00e4nge<\/strong><\/td>\n<td>3<\/td>\n<\/tr>\n<tr>\n<td><strong>Artikel Abmessungen L x B x H<\/strong><\/td>\n<td>35L x 35B x 9,7H cm<\/td>\n<\/tr>\n<tr>\n<td><strong>Artikelgewicht<\/strong><\/td>\n<td>11,94 Kilogramm<\/td>\n<\/tr>\n<\/tbody>\n<\/table>\n<\/ul>","protected":false},"excerpt":{"rendered":"<p>Product Overview Marke: Mova Modellname: Mova E30 Ultra Oberfl\u00e4chenempfehlung: All Besonderes Merkmal: Farbe: Wei\u00df Product Features Starke Saugkraft von 19.000<\/p>","protected":false},"featured_media":31888,"comment_status":"open","ping_status":"closed","template":"","meta":[],"product_brand":[],"product_cat":[153],"product_tag":[],"class_list":{"0":"post-31738","1":"product","2":"type-product","3":"status-publish","4":"has-post-thumbnail","6":"product_cat-staubsauger","8":"first","9":"instock","10":"sale","11":"shipping-taxable","12":"purchasable","13":"product-type-variable"},"jetpack_sharing_enabled":true,"_links":{"self":[{"href":"https:\/\/trampoflex.shop\/en\/wp-json\/wp\/v2\/product\/31738","targetHints":{"allow":["GET"]}}],"collection":[{"href":"https:\/\/trampoflex.shop\/en\/wp-json\/wp\/v2\/product"}],"about":[{"href":"https:\/\/trampoflex.shop\/en\/wp-json\/wp\/v2\/types\/product"}],"replies":[{"embeddable":true,"href":"https:\/\/trampoflex.shop\/en\/wp-json\/wp\/v2\/comments?post=31738"}],"version-history":[{"count":0,"href":"https:\/\/trampoflex.shop\/en\/wp-json\/wp\/v2\/product\/31738\/revisions"}],"wp:featuredmedia":[{"embeddable":true,"href":"https:\/\/trampoflex.shop\/en\/wp-json\/wp\/v2\/media\/31888"}],"wp:attachment":[{"href":"https:\/\/trampoflex.shop\/en\/wp-json\/wp\/v2\/media?parent=31738"}],"wp:term":[{"taxonomy":"product_brand","embeddable":true,"href":"https:\/\/trampoflex.shop\/en\/wp-json\/wp\/v2\/product_brand?post=31738"},{"taxonomy":"product_cat","embeddable":true,"href":"https:\/\/trampoflex.shop\/en\/wp-json\/wp\/v2\/product_cat?post=31738"},{"taxonomy":"product_tag","embeddable":true,"href":"https:\/\/trampoflex.shop\/en\/wp-json\/wp\/v2\/product_tag?post=31738"}],"curies":[{"name":"wp","href":"https:\/\/api.w.org\/{rel}","templated":true}]}}