{"id":31733,"date":"2026-05-10T12:02:46","date_gmt":"2026-05-10T12:02:46","guid":{"rendered":"https:\/\/trampoflex.shop\/product\/karcher-akku-staubsauger-vc-6-cordless-ourfamily-2-saugstufen-laufzeit-bis-zu-50-min-gewicht-2-8-kg-25-2-v-akku-wandhalterung-mit-ladefunktion-boden-und-fugenduse-staubburste-weiss\/"},"modified":"2026-05-10T12:02:46","modified_gmt":"2026-05-10T12:02:46","slug":"karcher-akku-staubsauger-vc-6-cordless-ourfamily-2-saugstufen-laufzeit-bis-zu-50-min-gewicht-2-8-kg-25-2-v-akku-wandhalterung-mit-ladefunktion-boden-und-fugenduse-staubburste-weiss","status":"publish","type":"product","link":"https:\/\/trampoflex.shop\/en\/product\/karcher-akku-staubsauger-vc-6-cordless-ourfamily-2-saugstufen-laufzeit-bis-zu-50-min-gewicht-2-8-kg-25-2-v-akku-wandhalterung-mit-ladefunktion-boden-und-fugenduse-staubburste-weiss\/","title":{"rendered":"K\u00e4rcher VC 6 Cordless ourFamily Akku-Staubsauger 25,2V 50 Min Laufzeit 2,8 kg Wandhalterung Wei\u00df"},"content":{"rendered":"<p><strong>Product Overview<\/strong><\/p>\n<ul>\n<li>\n<strong>Marke:<\/strong> K\u00c4RCHER<\/li>\n<li>\n<strong>Besonderes Merkmal:<\/strong> Kabellos<\/li>\n<li>\n<strong>Filtertyp:<\/strong> HEPA Filter<\/li>\n<li>\n<strong>Oberfl\u00e4chenempfehlung:<\/strong> Harter Boden<\/li>\n<li>\n<strong>Stromquelle:<\/strong> Batteriebetrieben<\/li>\n<\/ul>\n<p><strong>Product Features<\/strong><\/p>\n<ul>\n<li>Starke Saugleistung: Der K\u00e4rcher VC 6 Cordless ourFamily Akku-Staubsauger entfernt Staub, Kr\u00fcmel und Haare von allen B\u00f6den. Er verf\u00fcgt zudem \u00fcber 2 Saugstufen \u2013 den Standard- und den Boost-Modus<\/li>\n<li>Bis zu 50 Minuten saugen: Eine Akkuladung reicht aus, um bis zu 50 Minuten lang zu saugen. Am Ger\u00e4t befindet sich eine LED-Anzeige, \u00fcber die der Akkustand einfach abgelesen werden kann<\/li>\n<li>Bodend\u00fcse mit LED-Licht: Die Bodend\u00fcse verf\u00fcgt \u00fcber integrierte LED-Lichter, wodurch Staub auch in dunklen Ecken und bei schlechten Sichtverhaltnissen sichtbar ist<\/li>\n<li>Durchdachtes Design: Der VC 6 Cordless ourFamily wiegt nur 2,8 kg; das Handgewicht betr\u00e4gt nur 1,7 kg. Er l\u00e4sst sich einfach bedienen und gelangt dank Flexgelenk spielend leicht unter niedrige M\u00f6bel<\/li>\n<li>Lieferumfang: Das Set enth\u00e4lt den K\u00e4rcher Akku-Staubsauger VC 6 Cordless ourFamily, ein Saugrohr, eine Wandhalterung mit Ladefunktion, eine Boden- und Fugend\u00fcse, eine Staubb\u00fcrste und einen 25,2 V Akku<\/li>\n<\/ul>\n<p><strong>Product Information<\/strong><\/p>\n<ul>\n<table style=\"margin-bottom:20px\">\n<tbody>\n<tr>\n<td><strong>Besondere Merkmale<\/strong><\/td>\n<td>Kabellos<\/td>\n<\/tr>\n<tr>\n<td><strong>Filtertyp<\/strong><\/td>\n<td>HEPA Filter<\/td>\n<\/tr>\n<tr>\n<td><strong>Geeignete Gel\u00e4ndeart<\/strong><\/td>\n<td>Harter Boden<\/td>\n<\/tr>\n<tr>\n<td><strong>Kapazit\u00e4t<\/strong><\/td>\n<td>800 Milliliter<\/td>\n<\/tr>\n<tr>\n<td><strong>Empfohlene Verw.bereiche f\u00fcr Produkt<\/strong><\/td>\n<td>Teppichreinigung im Innenbereich<\/td>\n<\/tr>\n<tr>\n<td><strong>Farbe<\/strong><\/td>\n<td>Wei\u00df<\/td>\n<\/tr>\n<tr>\n<td><strong>Ger\u00e4uschpegel<\/strong><\/td>\n<td>78 Dezibel<\/td>\n<\/tr>\n<tr>\n<td><strong>Stil\/Form<\/strong><\/td>\n<td>250 Watt<\/td>\n<\/tr>\n<tr>\n<td><strong>Anzahl G\u00e4nge<\/strong><\/td>\n<td>2<\/td>\n<\/tr>\n<tr>\n<td><strong>Tragbar<\/strong><\/td>\n<td>Ja<\/td>\n<\/tr>\n<tr>\n<td><strong>Anzahl Leistungsstufen<\/strong><\/td>\n<td>2<\/td>\n<\/tr>\n<tr>\n<td><strong>Verwendung im Innen- und Au\u00dfenbereich<\/strong><\/td>\n<td>Innenbereich<\/td>\n<\/tr>\n<tr>\n<td><strong>Abschlusstypen<\/strong><\/td>\n<td>glatt oder gl\u00e4nzend<\/td>\n<\/tr>\n<tr>\n<td><strong>Betriebsart<\/strong><\/td>\n<td>Batteriebetrieben<\/td>\n<\/tr>\n<tr>\n<td><strong>Ist das Produkt kabellos<\/strong><\/td>\n<td>Ja<\/td>\n<\/tr>\n<tr>\n<td><strong>Artikelgewicht<\/strong><\/td>\n<td>3,62 Kilogramm<\/td>\n<\/tr>\n<tr>\n<td><strong>Artikel Abmessungen L x B x H<\/strong><\/td>\n<td>26,6L x 113B x 23,5H cm<\/td>\n<\/tr>\n<tr>\n<td><strong>Controllertyp<\/strong><\/td>\n<td>Hand-Steuerung<\/td>\n<\/tr>\n<tr>\n<td><strong>Steuerungsart<\/strong><\/td>\n<td>Ber\u00fchren<\/td>\n<\/tr>\n<tr>\n<td><strong>Formfaktor<\/strong><\/td>\n<td>Aufrecht<\/td>\n<\/tr>\n<tr>\n<td><strong>Anzahl der Griffe<\/strong><\/td>\n<td>1<\/td>\n<\/tr>\n<tr>\n<td><strong>Marke<\/strong><\/td>\n<td>K\u00c4RCHER<\/td>\n<\/tr>\n<tr>\n<td><strong>Eingeschlossene Komponenten<\/strong><\/td>\n<td>Zubeh\u00f6rset<\/td>\n<\/tr>\n<tr>\n<td><strong>Modellname<\/strong><\/td>\n<td>VC 4 Cordless myHome<\/td>\n<\/tr>\n<tr>\n<td><strong>Modellnummer<\/strong><\/td>\n<td>1.198-670.0<\/td>\n<\/tr>\n<tr>\n<td><strong>Herkunftsland<\/strong><\/td>\n<td>China<\/td>\n<\/tr>\n<tr>\n<td><strong>Hersteller<\/strong><\/td>\n<td>K\u00e4rcher<\/td>\n<\/tr>\n<tr>\n<td><strong>Anzahl von Artikeln<\/strong><\/td>\n<td>1<\/td>\n<\/tr>\n<tr>\n<td><strong>Seriennummer<\/strong><\/td>\n<td>1<\/td>\n<\/tr>\n<tr>\n<td><strong>Global Trade Identification Number<\/strong><\/td>\n<td>04054278975399<\/td>\n<\/tr>\n<tr>\n<td><strong>Artikeltyp Name<\/strong><\/td>\n<td>Akku-Staubsauger<\/td>\n<\/tr>\n<tr>\n<td><strong>Anzahl von Einheiten<\/strong><\/td>\n<td>1.0 st\u00fcck<\/td>\n<\/tr>\n<tr>\n<td><strong>Amazon Bestseller-Rang<\/strong><\/td>\n<td><\/td>\n<\/tr>\n<tr>\n<td><strong>ASIN<\/strong><\/td>\n<td>B0CGMG1Y4Y<\/td>\n<\/tr>\n<tr>\n<td><strong>Durchschnittliche Kundenbewertung<\/strong><\/td>\n<td><\/td>\n<\/tr>\n<tr>\n<td><strong>Spannung<\/strong><\/td>\n<td>25,2 Volt (Gleichstrom)<\/td>\n<\/tr>\n<tr>\n<td><strong>Wattleistung<\/strong><\/td>\n<td>1400 Watt<\/td>\n<\/tr>\n<tr>\n<td><strong>Batterieladezeit<\/strong><\/td>\n<td>5E+1 Minuten<\/td>\n<\/tr>\n<tr>\n<td><strong>Batterietyp<\/strong><\/td>\n<td>Lithium oder Lithium-Ionen<\/td>\n<\/tr>\n<tr>\n<td><strong>Akkulaufzeit<\/strong><\/td>\n<td>50 Minuten<\/td>\n<\/tr>\n<tr>\n<td><strong>Dauer<\/strong><\/td>\n<td>50 Minuten<\/td>\n<\/tr>\n<\/tbody>\n<\/table>\n<\/ul>","protected":false},"excerpt":{"rendered":"<p>Product Overview Marke: K\u00c4RCHER Besonderes Merkmal: Kabellos Filtertyp: HEPA Filter Oberfl\u00e4chenempfehlung: Harter Boden Stromquelle: Batteriebetrieben Product Features Starke Saugleistung: Der<\/p>","protected":false},"featured_media":31878,"comment_status":"open","ping_status":"closed","template":"","meta":[],"product_brand":[],"product_cat":[153],"product_tag":[],"class_list":{"0":"post-31733","1":"product","2":"type-product","3":"status-publish","4":"has-post-thumbnail","6":"product_cat-staubsauger","8":"first","9":"instock","10":"sale","11":"shipping-taxable","12":"purchasable","13":"product-type-variable"},"jetpack_sharing_enabled":true,"_links":{"self":[{"href":"https:\/\/trampoflex.shop\/en\/wp-json\/wp\/v2\/product\/31733","targetHints":{"allow":["GET"]}}],"collection":[{"href":"https:\/\/trampoflex.shop\/en\/wp-json\/wp\/v2\/product"}],"about":[{"href":"https:\/\/trampoflex.shop\/en\/wp-json\/wp\/v2\/types\/product"}],"replies":[{"embeddable":true,"href":"https:\/\/trampoflex.shop\/en\/wp-json\/wp\/v2\/comments?post=31733"}],"version-history":[{"count":0,"href":"https:\/\/trampoflex.shop\/en\/wp-json\/wp\/v2\/product\/31733\/revisions"}],"wp:featuredmedia":[{"embeddable":true,"href":"https:\/\/trampoflex.shop\/en\/wp-json\/wp\/v2\/media\/31878"}],"wp:attachment":[{"href":"https:\/\/trampoflex.shop\/en\/wp-json\/wp\/v2\/media?parent=31733"}],"wp:term":[{"taxonomy":"product_brand","embeddable":true,"href":"https:\/\/trampoflex.shop\/en\/wp-json\/wp\/v2\/product_brand?post=31733"},{"taxonomy":"product_cat","embeddable":true,"href":"https:\/\/trampoflex.shop\/en\/wp-json\/wp\/v2\/product_cat?post=31733"},{"taxonomy":"product_tag","embeddable":true,"href":"https:\/\/trampoflex.shop\/en\/wp-json\/wp\/v2\/product_tag?post=31733"}],"curies":[{"name":"wp","href":"https:\/\/api.w.org\/{rel}","templated":true}]}}