{"id":31729,"date":"2026-05-10T12:02:45","date_gmt":"2026-05-10T12:02:45","guid":{"rendered":"https:\/\/trampoflex.shop\/product\/irobot-roomba-plus-505-combo-robot-autowash-dock-saugroboter-mit-wischfunktion-multifunktinales-dock-clearview-pro-lidar-7000pa-dualclean-wischpads-mit-perfectedge-smartscrub-schwarz\/"},"modified":"2026-05-10T12:02:46","modified_gmt":"2026-05-10T12:02:46","slug":"irobot-roomba-plus-505-combo-robot-autowash-dock-saugroboter-mit-wischfunktion-multifunktinales-dock-clearview-pro-lidar-7000pa-dualclean-wischpads-mit-perfectedge-smartscrub-schwarz","status":"publish","type":"product","link":"https:\/\/trampoflex.shop\/en\/product\/irobot-roomba-plus-505-combo-robot-autowash-dock-saugroboter-mit-wischfunktion-multifunktinales-dock-clearview-pro-lidar-7000pa-dualclean-wischpads-mit-perfectedge-smartscrub-schwarz\/","title":{"rendered":"iRobot Roomba Combo Plus 505 Saugroboter Wischroboter LiDAR 7000Pa AutoWash Dock SmartScrub Schwarz"},"content":{"rendered":"<p><strong>Product Overview<\/strong><\/p>\n<ul>\n<li>\n<strong>Marke:<\/strong> iRobot<\/li>\n<li>\n<strong>Modellname:<\/strong> iRobot ROOMBA\u00ae PLUS 505 COMBO ROBOT + AUTOWASH DOCK, Schwarz<\/li>\n<li>\n<strong>Oberfl\u00e4chenempfehlung:<\/strong> Teppich, Hartholz, Fliese<\/li>\n<li>\n<strong>Besonderes Merkmal:<\/strong> LiDAR Navigation<\/li>\n<li>\n<strong>Farbe:<\/strong> Schwarz 505<\/li>\n<\/ul>\n<p><strong>Product Features<\/strong><\/p>\n<ul>\n<li>GR\u00dcNDLICH UND UMFASSEND Gr\u00fcndlich und umfassend Fortschrittliche DualClean Wischpads mit PerfectEdge erweitern die Wischfl\u00e4che beim Bodenwischen um 18 %*. SmartScrub schrubbt doppelt so gr\u00fcndlich** und beseitigt selbst hartn\u00e4ckige Verschmutzungen. *Im Vergleich zu nicht ausgefahrenen DualClean Wischpads ** Im Vergleich zum Standard-Saug- und Wischmodus f\u00fcr Kaffee und Schmutz<\/li>\n<li>STARK SAUGEN. GR\u00dcNDLICH WISCHEN Beseitigt alles von Kr\u00fcmeln bis zu Pfotenabdr\u00fccken \u2013 mit 7.000 Pa Saugleistung, DualClean Wischpads, SmartScrub, Gummib\u00fcrste f\u00fcr verschiedene B\u00f6den und Eck- und Kantenb\u00fcrste.<\/li>\n<li>CLEARVIEW PRO LiDAR Kartiert dein Zuhause in Minutenschnelle, um die Reinigungsfl\u00e4che zu maximieren und Tag und Nacht gr\u00fcndlich zu reinigen &#8211; Dar\u00fcber hinaus sorgen spezielle Sensoren daf\u00fcr, dass der Roomba Roboter nicht die Treppe herunterf\u00e4llt.<\/li>\n<li>PRECISIONVISION KI TECHNOLOGIE Erkennt Kabel, Socken und sogar Haustierhinterlassenschaften sofort und navigiert schnell um sie herum &#8211; Erkennt nasse und trockene Verschmutzungen und f\u00fchrt mehrere Reinigungsl\u00e4ufe durch, um gr\u00fcndlicher zu s\u00e4ubern.<\/li>\n<li>MULTIFUNKTIONALES AUTOWASH DOCK 75 Tage automatische Entleerung, 4 Wochen Wischen und Wischpadreinigung*, kontinuierliche Wischpadauffrischung und Wischpadtrocknung sorgen Tag f\u00fcr Tag f\u00fcr eine \u00e4u\u00dferst effektive Reinigung. * Bei 1 Wischlauf pro Woche<\/li>\n<li>HOL DIR DIE RICHTIGE REINIGUNG Du hast die Wahl: Saugen, Wischen, Kombinationsreinigung oder Erst saugen, dann wischen &#8211; Die intuitiven Wischpads heben sich automatisch an, wenn Teppiche erkannt werden \u2013 f\u00fcr eine nahtlose Reinigung unterschiedlicher Bodenbel\u00e4ge.<\/li>\n<li>ROOMBA HOME APP Pr\u00e4zise Reinigung durch Auswahl bestimmter R\u00e4ume oder Bereiche, 4 Saugstufen, wiederholte Durchl\u00e4ufe in stark frequentierten Bereichen oder zus\u00e4tzliches Schrubben mit SmartScrub zur gr\u00fcndlichen Reinigung hartn\u00e4ckiger Verschmutzungen.<\/li>\n<li>MACHT SICH SCHMUTZDATEN ZUNUTZE Die App wei\u00df genau, welche R\u00e4ume am schnellsten schmutzig werden, r\u00e4umt bestimmten Bereichen Priorit\u00e4t ein und w\u00e4hlt automatisch die richtigen Einstellungen aus, um dir eine angepasste, gr\u00fcndliche Reinigung zu erm\u00f6glichen.<\/li>\n<li>REINIGT AUF BEFEHL Kopple das Ger\u00e4t mit Alexa, Siri oder Google Assistant-f\u00e4higen Ger\u00e4ten * und plane eine zuk\u00fcnftige Reinigung, oder fordere es einfach auf, das Wohnzimmer zu saugen, die K\u00fcche zu saugen und zu wischen oder vor dem Sofa zu reinigen. * Kompatibel mit Alexa, Siri und Google Assistant-f\u00e4higen Ger\u00e4ten. Alexa und alle zugeh\u00f6rigen Logos sind Markenzeichen von Amazon.com oder seinen Tochterunternehmen. Google und Google Home sind Markenzeichen von Google LLC. Siri ist eine eingetragene Marke von Apple Inc. und in den USA und anderen L\u00e4ndern und Regionen registriert.<\/li>\n<li>F\u00dcGT SICH WUNDERBAR EIN Inspiriert von modernem Design f\u00fcgt sich dieser elegante Roboter mit seinem Dock durch ansprechende Oberfl\u00e4chen und Formen harmonisch in jede Inneneinrichtung ein.<\/li>\n<\/ul>\n<p><strong>Product Information<\/strong><\/p>\n<ul>\n<table style=\"margin-bottom:20px\">\n<tbody>\n<tr>\n<td><strong>Geeignete Gel\u00e4ndeart<\/strong><\/td>\n<td>Teppich, Hartholz, Fliese<\/td>\n<\/tr>\n<tr>\n<td><strong>Besondere Merkmale<\/strong><\/td>\n<td>LiDAR Navigation<\/td>\n<\/tr>\n<tr>\n<td><strong>Controllertyp<\/strong><\/td>\n<td>App-Steuerung<\/td>\n<\/tr>\n<tr>\n<td><strong>Filtertyp<\/strong><\/td>\n<td>HEPA<\/td>\n<\/tr>\n<tr>\n<td><strong>Akkulaufzeit<\/strong><\/td>\n<td>75 Tage<\/td>\n<\/tr>\n<tr>\n<td><strong>Batterietyp<\/strong><\/td>\n<td>Lithium-Ionen<\/td>\n<\/tr>\n<tr>\n<td><strong>Betriebsart<\/strong><\/td>\n<td>Batteriebetrieben<\/td>\n<\/tr>\n<tr>\n<td><strong>Batterien enthalten<\/strong><\/td>\n<td>Nein<\/td>\n<\/tr>\n<tr>\n<td><strong>Steuerungsart<\/strong><\/td>\n<td>App, Sprachsteuerung<\/td>\n<\/tr>\n<tr>\n<td><strong>Formfaktor<\/strong><\/td>\n<td>rund<\/td>\n<\/tr>\n<tr>\n<td><strong>Marke<\/strong><\/td>\n<td>iRobot<\/td>\n<\/tr>\n<tr>\n<td><strong>Modellname<\/strong><\/td>\n<td>iRobot ROOMBA\u00ae PLUS 505 COMBO ROBOT + AUTOWASH DOCK, Schwarz<\/td>\n<\/tr>\n<tr>\n<td><strong>Eingeschlossene Komponenten<\/strong><\/td>\n<td>AutoWash Dock<\/td>\n<\/tr>\n<tr>\n<td><strong>Modellnummer<\/strong><\/td>\n<td>N185<\/td>\n<\/tr>\n<tr>\n<td><strong>Herstellungsjahr<\/strong><\/td>\n<td>2025<\/td>\n<\/tr>\n<tr>\n<td><strong>Anzahl von Artikeln<\/strong><\/td>\n<td>1<\/td>\n<\/tr>\n<tr>\n<td><strong>Artikeltyp Name<\/strong><\/td>\n<td>iRobot ROOMBA\u00ae PLUS 505 COMBO ROBOT + AUTOWASH DOCK, Schwarz<\/td>\n<\/tr>\n<tr>\n<td><strong>Herkunftsland<\/strong><\/td>\n<td>China<\/td>\n<\/tr>\n<tr>\n<td><strong>Hersteller<\/strong><\/td>\n<td>iRobot<\/td>\n<\/tr>\n<tr>\n<td><strong>Anzahl von Einheiten<\/strong><\/td>\n<td>1.0 st\u00fcck<\/td>\n<\/tr>\n<tr>\n<td><strong>Amazon Bestseller-Rang<\/strong><\/td>\n<td><\/td>\n<\/tr>\n<tr>\n<td><strong>ASIN<\/strong><\/td>\n<td>B0DWFYC9SM<\/td>\n<\/tr>\n<tr>\n<td><strong>Durchschnittliche Kundenbewertung<\/strong><\/td>\n<td><\/td>\n<\/tr>\n<tr>\n<td><strong>Geeignete Gel\u00e4ndeart<\/strong><\/td>\n<td>Teppich, Hartholz, Fliese<\/td>\n<\/tr>\n<tr>\n<td><strong>Besondere Merkmale<\/strong><\/td>\n<td>LiDAR Navigation<\/td>\n<\/tr>\n<tr>\n<td><strong>Farbe<\/strong><\/td>\n<td>Schwarz 505<\/td>\n<\/tr>\n<tr>\n<td><strong>Filtertyp<\/strong><\/td>\n<td>HEPA<\/td>\n<\/tr>\n<tr>\n<td><strong>Empfohlene Verw.bereiche f\u00fcr Produkt<\/strong><\/td>\n<td>Bodenreinigung, Haustierpflege, Remote-Steuerung<\/td>\n<\/tr>\n<tr>\n<td><strong>Anzahl Leistungsstufen<\/strong><\/td>\n<td>4<\/td>\n<\/tr>\n<tr>\n<td><strong>Tragbar<\/strong><\/td>\n<td>Nein<\/td>\n<\/tr>\n<tr>\n<td><strong>Verwendung im Innen- und Au\u00dfenbereich<\/strong><\/td>\n<td>Innenbereich<\/td>\n<\/tr>\n<tr>\n<td><strong>Anzahl an R\u00e4dern<\/strong><\/td>\n<td>2<\/td>\n<\/tr>\n<tr>\n<td><strong>Stil\/Form<\/strong><\/td>\n<td>iRobot ROOMBA\u00ae PLUS 505 COMBO ROBOT + AUTOWASH DOCK, Schwarz<\/td>\n<\/tr>\n<tr>\n<td><strong>Anzahl G\u00e4nge<\/strong><\/td>\n<td>4<\/td>\n<\/tr>\n<tr>\n<td><strong>Artikel Abmessungen L x B x H<\/strong><\/td>\n<td>45L x 34,4B x 47H cm<\/td>\n<\/tr>\n<tr>\n<td><strong>Artikelgewicht<\/strong><\/td>\n<td>4,4 Kilogramm<\/td>\n<\/tr>\n<\/tbody>\n<\/table>\n<\/ul>","protected":false},"excerpt":{"rendered":"<p>Product Overview Marke: iRobot Modellname: iRobot ROOMBA\u00ae PLUS 505 COMBO ROBOT + AUTOWASH DOCK, Schwarz Oberfl\u00e4chenempfehlung: Teppich, Hartholz, Fliese Besonderes<\/p>","protected":false},"featured_media":31867,"comment_status":"open","ping_status":"closed","template":"","meta":[],"product_brand":[],"product_cat":[153],"product_tag":[],"class_list":{"0":"post-31729","1":"product","2":"type-product","3":"status-publish","4":"has-post-thumbnail","6":"product_cat-staubsauger","8":"first","9":"instock","10":"sale","11":"shipping-taxable","12":"purchasable","13":"product-type-variable"},"jetpack_sharing_enabled":true,"_links":{"self":[{"href":"https:\/\/trampoflex.shop\/en\/wp-json\/wp\/v2\/product\/31729","targetHints":{"allow":["GET"]}}],"collection":[{"href":"https:\/\/trampoflex.shop\/en\/wp-json\/wp\/v2\/product"}],"about":[{"href":"https:\/\/trampoflex.shop\/en\/wp-json\/wp\/v2\/types\/product"}],"replies":[{"embeddable":true,"href":"https:\/\/trampoflex.shop\/en\/wp-json\/wp\/v2\/comments?post=31729"}],"version-history":[{"count":0,"href":"https:\/\/trampoflex.shop\/en\/wp-json\/wp\/v2\/product\/31729\/revisions"}],"wp:featuredmedia":[{"embeddable":true,"href":"https:\/\/trampoflex.shop\/en\/wp-json\/wp\/v2\/media\/31867"}],"wp:attachment":[{"href":"https:\/\/trampoflex.shop\/en\/wp-json\/wp\/v2\/media?parent=31729"}],"wp:term":[{"taxonomy":"product_brand","embeddable":true,"href":"https:\/\/trampoflex.shop\/en\/wp-json\/wp\/v2\/product_brand?post=31729"},{"taxonomy":"product_cat","embeddable":true,"href":"https:\/\/trampoflex.shop\/en\/wp-json\/wp\/v2\/product_cat?post=31729"},{"taxonomy":"product_tag","embeddable":true,"href":"https:\/\/trampoflex.shop\/en\/wp-json\/wp\/v2\/product_tag?post=31729"}],"curies":[{"name":"wp","href":"https:\/\/api.w.org\/{rel}","templated":true}]}}