{"id":31728,"date":"2026-05-10T12:02:45","date_gmt":"2026-05-10T12:02:45","guid":{"rendered":"https:\/\/trampoflex.shop\/product\/eufy-neuheit-2026-von-anker-saug-und-wischroboter-c28-5-in-1-mit-selbstreinigender-hydrojet-wischrolle-15-000pa-turbo-saugkraft-anti-verheddern-ki-hindernisvermeidung\/"},"modified":"2026-05-10T12:02:45","modified_gmt":"2026-05-10T12:02:45","slug":"eufy-neuheit-2026-von-anker-saug-und-wischroboter-c28-5-in-1-mit-selbstreinigender-hydrojet-wischrolle-15-000pa-turbo-saugkraft-anti-verheddern-ki-hindernisvermeidung","status":"publish","type":"product","link":"https:\/\/trampoflex.shop\/en\/product\/eufy-neuheit-2026-von-anker-saug-und-wischroboter-c28-5-in-1-mit-selbstreinigender-hydrojet-wischrolle-15-000pa-turbo-saugkraft-anti-verheddern-ki-hindernisvermeidung\/","title":{"rendered":"Eufy C28 Saug- und Wischroboter 5-in-1 15000 Pa HydroJet-Wischrolle KI-Hindernisvermeidung 2026"},"content":{"rendered":"<p><strong>Product Overview<\/strong><\/p>\n<ul>\n<li>\n<strong>Marke:<\/strong> eufy<\/li>\n<li>\n<strong>Modellname:<\/strong> T211A<\/li>\n<li>\n<strong>Oberfl\u00e4chenempfehlung:<\/strong> Fliese\u3001Holzfu\u00dfboden<\/li>\n<li>\n<strong>Besonderes Merkmal:<\/strong> Hydrojet System<\/li>\n<li>\n<strong>Farbe:<\/strong> Schwarz<\/li>\n<\/ul>\n<p><strong>Product Features<\/strong><\/p>\n<ul>\n<li>HydroJet-Wischrolle: Reinigt sich in Echtzeit selbst und bleibt stets makellos sauber. Gleichm\u00e4\u00dfig gr\u00fcndlich im ganzen Zuhause, ohne Unterbrechungen. Jeder Wischvorgang so effektiv wie der erste.<\/li>\n<li>Deutlich st\u00e4rkere Saugleistung: Bis zu 15.000Pa, etwa 1,8\u00d7 mehr als der eufy X10 Pro Omni. Nimmt Haare, Tierfell und feinsten Staub m\u00fchelos von allen Bodenarten auf.<\/li>\n<li>5-in-1 vollautomatische Station: Automatische Staubentleerung, Wischrollenreinigung, Wassertankbef\u00fcllung, Hei\u00dflufttrocknung und Schmutzwasserentsorgung f\u00fcr echten Komfort ganz ohne manuelles Eingreifen.<\/li>\n<li>Verwicklungsfreie DuoSpiral-B\u00fcrste: Die speziell designte Rollb\u00fcrste verhindert Haarverwicklungen, reduziert Blockierungen und minimiert manuelle Reinigung, ideal f\u00fcr Haushalte mit Tieren.<\/li>\n<li>iPath 2.0 intelligente Navigation: Fortschrittliche KI-Technologie erkennt und umf\u00e4hrt Hindernisse pr\u00e4zise, auch bei schwachem Licht. Effiziente Reinigung rund um die Uhr ohne Steckenbleiben.<\/li>\n<\/ul>\n<p><strong>Product Information<\/strong><\/p>\n<ul>\n<table style=\"margin-bottom:20px\">\n<tbody>\n<tr>\n<td><strong>Geeignete Gel\u00e4ndeart<\/strong><\/td>\n<td>Fliese\u3001Holzfu\u00dfboden<\/td>\n<\/tr>\n<tr>\n<td><strong>Besondere Merkmale<\/strong><\/td>\n<td>Hydrojet System<\/td>\n<\/tr>\n<tr>\n<td><strong>Controllertyp<\/strong><\/td>\n<td>App-Steuerung<\/td>\n<\/tr>\n<tr>\n<td><strong>Filtertyp<\/strong><\/td>\n<td>Gewebe, Schaumstoff<\/td>\n<\/tr>\n<tr>\n<td><strong>Batterietyp<\/strong><\/td>\n<td>Lithium-Ionen<\/td>\n<\/tr>\n<tr>\n<td><strong>Betriebsart<\/strong><\/td>\n<td>Akkubetrieben<\/td>\n<\/tr>\n<tr>\n<td><strong>Batterien enthalten<\/strong><\/td>\n<td>Nein<\/td>\n<\/tr>\n<tr>\n<td><strong>Steuerungsart<\/strong><\/td>\n<td>App<\/td>\n<\/tr>\n<tr>\n<td><strong>Formfaktor<\/strong><\/td>\n<td>rund<\/td>\n<\/tr>\n<tr>\n<td><strong>Marke<\/strong><\/td>\n<td>eufy<\/td>\n<\/tr>\n<tr>\n<td><strong>Modellname<\/strong><\/td>\n<td>T211A<\/td>\n<\/tr>\n<tr>\n<td><strong>Eingeschlossene Komponenten<\/strong><\/td>\n<td>Mopp, Wasserkanister, Smart Mapping-Komponenten<\/td>\n<\/tr>\n<tr>\n<td><strong>Modellnummer<\/strong><\/td>\n<td>T211A<\/td>\n<\/tr>\n<tr>\n<td><strong>UPC<\/strong><\/td>\n<td>194644273088<\/td>\n<\/tr>\n<tr>\n<td><strong>Anzahl von Artikeln<\/strong><\/td>\n<td>1<\/td>\n<\/tr>\n<tr>\n<td><strong>Artikeltyp Name<\/strong><\/td>\n<td>Robot Vacuum Cleaner<\/td>\n<\/tr>\n<tr>\n<td><strong>Herkunftsland<\/strong><\/td>\n<td>China<\/td>\n<\/tr>\n<tr>\n<td><strong>Hersteller<\/strong><\/td>\n<td>Anker<\/td>\n<\/tr>\n<tr>\n<td><strong>Anzahl von Einheiten<\/strong><\/td>\n<td>1.0 st\u00fcck<\/td>\n<\/tr>\n<tr>\n<td><strong>Amazon Bestseller-Rang<\/strong><\/td>\n<td><\/td>\n<\/tr>\n<tr>\n<td><strong>ASIN<\/strong><\/td>\n<td>B0FL7GXSCV<\/td>\n<\/tr>\n<tr>\n<td><strong>Durchschnittliche Kundenbewertung<\/strong><\/td>\n<td><\/td>\n<\/tr>\n<tr>\n<td><strong>Geeignete Gel\u00e4ndeart<\/strong><\/td>\n<td>Fliese\u3001Holzfu\u00dfboden<\/td>\n<\/tr>\n<tr>\n<td><strong>Besondere Merkmale<\/strong><\/td>\n<td>Hydrojet System<\/td>\n<\/tr>\n<tr>\n<td><strong>Farbe<\/strong><\/td>\n<td>Schwarz<\/td>\n<\/tr>\n<tr>\n<td><strong>Filtertyp<\/strong><\/td>\n<td>Gewebe, Schaumstoff<\/td>\n<\/tr>\n<tr>\n<td><strong>Empfohlene Verw.bereiche f\u00fcr Produkt<\/strong><\/td>\n<td>Bodenreinigung, Wischen<\/td>\n<\/tr>\n<tr>\n<td><strong>Tragbar<\/strong><\/td>\n<td>Nein<\/td>\n<\/tr>\n<tr>\n<td><strong>Verwendung im Innen- und Au\u00dfenbereich<\/strong><\/td>\n<td>Innenbereich<\/td>\n<\/tr>\n<tr>\n<td><strong>Anzahl an R\u00e4dern<\/strong><\/td>\n<td>2<\/td>\n<\/tr>\n<tr>\n<td><strong>Stil\/Form<\/strong><\/td>\n<td>C28<\/td>\n<\/tr>\n<tr>\n<td><strong>Anzahl G\u00e4nge<\/strong><\/td>\n<td>2<\/td>\n<\/tr>\n<tr>\n<td><strong>Artikel Abmessungen L x B x H<\/strong><\/td>\n<td>36,8L x 46,1B x 37,2H cm<\/td>\n<\/tr>\n<\/tbody>\n<\/table>\n<\/ul>","protected":false},"excerpt":{"rendered":"<p>Product Overview Marke: eufy Modellname: T211A Oberfl\u00e4chenempfehlung: Fliese\u3001Holzfu\u00dfboden Besonderes Merkmal: Hydrojet System Farbe: Schwarz Product Features HydroJet-Wischrolle: Reinigt sich in<\/p>","protected":false},"featured_media":31857,"comment_status":"open","ping_status":"closed","template":"","meta":[],"product_brand":[],"product_cat":[153],"product_tag":[],"class_list":{"0":"post-31728","1":"product","2":"type-product","3":"status-publish","4":"has-post-thumbnail","6":"product_cat-staubsauger","8":"first","9":"instock","10":"sale","11":"shipping-taxable","12":"purchasable","13":"product-type-simple"},"jetpack_sharing_enabled":true,"_links":{"self":[{"href":"https:\/\/trampoflex.shop\/en\/wp-json\/wp\/v2\/product\/31728","targetHints":{"allow":["GET"]}}],"collection":[{"href":"https:\/\/trampoflex.shop\/en\/wp-json\/wp\/v2\/product"}],"about":[{"href":"https:\/\/trampoflex.shop\/en\/wp-json\/wp\/v2\/types\/product"}],"replies":[{"embeddable":true,"href":"https:\/\/trampoflex.shop\/en\/wp-json\/wp\/v2\/comments?post=31728"}],"version-history":[{"count":0,"href":"https:\/\/trampoflex.shop\/en\/wp-json\/wp\/v2\/product\/31728\/revisions"}],"wp:featuredmedia":[{"embeddable":true,"href":"https:\/\/trampoflex.shop\/en\/wp-json\/wp\/v2\/media\/31857"}],"wp:attachment":[{"href":"https:\/\/trampoflex.shop\/en\/wp-json\/wp\/v2\/media?parent=31728"}],"wp:term":[{"taxonomy":"product_brand","embeddable":true,"href":"https:\/\/trampoflex.shop\/en\/wp-json\/wp\/v2\/product_brand?post=31728"},{"taxonomy":"product_cat","embeddable":true,"href":"https:\/\/trampoflex.shop\/en\/wp-json\/wp\/v2\/product_cat?post=31728"},{"taxonomy":"product_tag","embeddable":true,"href":"https:\/\/trampoflex.shop\/en\/wp-json\/wp\/v2\/product_tag?post=31728"}],"curies":[{"name":"wp","href":"https:\/\/api.w.org\/{rel}","templated":true}]}}