{"id":31723,"date":"2026-05-10T12:02:44","date_gmt":"2026-05-10T12:02:44","guid":{"rendered":"https:\/\/trampoflex.shop\/product\/bosch-akku-staubsauger-unlimited-7-prohygienic-aqua-bks71hyg4-kabellos-2in1-saugen-wischen-knickrohr-hepa-filtersystem-10-j-motorgarantie-wechselakku-mini-turbo-duse-made-in-germany-weiss\/"},"modified":"2026-05-10T12:02:46","modified_gmt":"2026-05-10T12:02:46","slug":"bosch-akku-staubsauger-unlimited-7-prohygienic-aqua-bks71hyg4-kabellos-2in1-saugen-wischen-knickrohr-hepa-filtersystem-10-j-motorgarantie-wechselakku-mini-turbo-duse-made-in-germany-weiss","status":"publish","type":"product","link":"https:\/\/trampoflex.shop\/en\/product\/bosch-akku-staubsauger-unlimited-7-prohygienic-aqua-bks71hyg4-kabellos-2in1-saugen-wischen-knickrohr-hepa-filtersystem-10-j-motorgarantie-wechselakku-mini-turbo-duse-made-in-germany-weiss\/","title":{"rendered":"Bosch Unlimited 7 ProHygienic Aqua Akku-Staubsauger 2in1 Saugen Wischen HEPA Wechselakku Wei\u00df"},"content":{"rendered":"<p><strong>Product Overview<\/strong><\/p>\n<ul>\n<li>\n<strong>Marke:<\/strong> Bosch<\/li>\n<li>\n<strong>Besonderes Merkmal:<\/strong> 2in1 Saugen und Wischen bei maximaler Flexibilit\u00e4t dank Knickrohr<\/li>\n<li>\n<strong>Filtertyp:<\/strong> HEPA Filtersystem<\/li>\n<li>\n<strong>Oberfl\u00e4chenempfehlung:<\/strong> auf allen B\u00f6den<\/li>\n<li>\n<strong>Stromquelle:<\/strong> Batteriebetrieben<\/li>\n<\/ul>\n<p><strong>Product Features<\/strong><\/p>\n<ul>\n<li>Kraftvoll Saugen und gr\u00fcndlich Wischen in einem: Die 2in1 DynamicAqua D\u00fcse kombiniert starke Saugkraft mit zwei rotierenden Wischpads \u2013 zur effektiven Schmutzaufnahme und aktiven Fleckenentfernung auf Hartb\u00f6den<\/li>\n<li>Maximal flexibel: Dank Knickrohr und 180\u00b0 Gelenk der D\u00fcse lassen sich selbst schwer zug\u00e4ngliche Stellen leicht reinigen<\/li>\n<li>Mehr als 99,9% Staubaufnahme (1): Die AllFloor DynamicPower D\u00fcse mit integrierter LED-Beleuchtung ist optimal f\u00fcr die herk\u00f6mmliche Reinigung auf allen B\u00f6den<\/li>\n<li>HEPA Filtersystem (2): Ideal f\u00fcr Allergiker dank 99,97% Filtration der Feinstaubpartikel (3) und extra sauberer Ausblasluft<\/li>\n<li>Vielseitiges Zubeh\u00f6r inklusive \u2013 schnell und einfach wechselbar: 2in1 DynamicAqua D\u00fcse, AllFloor DynamicPower D\u00fcse mit LED, 4 Mikrofaser Wischpads, Mini-Turbo-D\u00fcse, kurze Fugend\u00fcse, 3.0 Ah Akku, Wandhalterung mit Ladefunktion<\/li>\n<\/ul>\n<p><strong>Product Information<\/strong><\/p>\n<ul>\n<table style=\"margin-bottom:20px\">\n<tbody>\n<tr>\n<td><strong>Besondere Merkmale<\/strong><\/td>\n<td>2in1 Saugen und Wischen bei maximaler Flexibilit\u00e4t dank Knickrohr<\/td>\n<\/tr>\n<tr>\n<td><strong>Filtertyp<\/strong><\/td>\n<td>HEPA Filtersystem<\/td>\n<\/tr>\n<tr>\n<td><strong>Geeignete Gel\u00e4ndeart<\/strong><\/td>\n<td>auf allen B\u00f6den<\/td>\n<\/tr>\n<tr>\n<td><strong>Farbe<\/strong><\/td>\n<td>Wei\u00df<\/td>\n<\/tr>\n<tr>\n<td><strong>Ger\u00e4uschpegel<\/strong><\/td>\n<td>82 Dezibel<\/td>\n<\/tr>\n<tr>\n<td><strong>Tragbar<\/strong><\/td>\n<td>Ja<\/td>\n<\/tr>\n<tr>\n<td><strong>Anzahl Leistungsstufen<\/strong><\/td>\n<td>3<\/td>\n<\/tr>\n<tr>\n<td><strong>Verwendung im Innen- und Au\u00dfenbereich<\/strong><\/td>\n<td>Innenbereich<\/td>\n<\/tr>\n<tr>\n<td><strong>Betriebsart<\/strong><\/td>\n<td>Batteriebetrieben<\/td>\n<\/tr>\n<tr>\n<td><strong>Ist das Produkt kabellos<\/strong><\/td>\n<td>Ja<\/td>\n<\/tr>\n<tr>\n<td><strong>Spannung<\/strong><\/td>\n<td>18 Volt<\/td>\n<\/tr>\n<tr>\n<td><strong>Artikelgewicht<\/strong><\/td>\n<td>5,1 Kilogramm<\/td>\n<\/tr>\n<tr>\n<td><strong>Artikel Abmessungen L x B x H<\/strong><\/td>\n<td>20,4L x 25,2B x 131,5H cm<\/td>\n<\/tr>\n<tr>\n<td><strong>Steuerungsart<\/strong><\/td>\n<td>Ber\u00fchren<\/td>\n<\/tr>\n<tr>\n<td><strong>Formfaktor<\/strong><\/td>\n<td>Stick<\/td>\n<\/tr>\n<tr>\n<td><strong>Anzahl der Griffe<\/strong><\/td>\n<td>1<\/td>\n<\/tr>\n<tr>\n<td><strong>Marke<\/strong><\/td>\n<td>Bosch<\/td>\n<\/tr>\n<tr>\n<td><strong>Eingeschlossene Komponenten<\/strong><\/td>\n<td>Akku-Staubsauger mit 2in1 DynamicAqua Du\u0308se, AllFloor DynamicPower Du\u0308se, 4 Mikrofaser Wischpads, Mini-Turbo-Du\u0308se, kurze Fugendu\u0308se, 3.0 Ah Akku, Wandhalterung mit Ladefunktion<\/td>\n<\/tr>\n<tr>\n<td><strong>Modellname<\/strong><\/td>\n<td>ProHygienic Aqua<\/td>\n<\/tr>\n<tr>\n<td><strong>Modellnummer<\/strong><\/td>\n<td>BKS71HYG4<\/td>\n<\/tr>\n<tr>\n<td><strong>Herkunftsland<\/strong><\/td>\n<td>Deutschland<\/td>\n<\/tr>\n<tr>\n<td><strong>Hersteller<\/strong><\/td>\n<td>Bosch<\/td>\n<\/tr>\n<tr>\n<td><strong>Anzahl von Artikeln<\/strong><\/td>\n<td>1<\/td>\n<\/tr>\n<tr>\n<td><strong>Herstellungsjahr<\/strong><\/td>\n<td>2025<\/td>\n<\/tr>\n<tr>\n<td><strong>Artikeltyp Name<\/strong><\/td>\n<td>Unlimited 7<\/td>\n<\/tr>\n<tr>\n<td><strong>Amazon Bestseller-Rang<\/strong><\/td>\n<td><\/td>\n<\/tr>\n<tr>\n<td><strong>ASIN<\/strong><\/td>\n<td>B0F4KT4ZB9<\/td>\n<\/tr>\n<tr>\n<td><strong>Durchschnittliche Kundenbewertung<\/strong><\/td>\n<td><\/td>\n<\/tr>\n<tr>\n<td><strong>Batterieladezeit<\/strong><\/td>\n<td>5 Stunden<\/td>\n<\/tr>\n<tr>\n<td><strong>Batterietyp<\/strong><\/td>\n<td>Lithium-Ionen<\/td>\n<\/tr>\n<tr>\n<td><strong>Akkulaufzeit<\/strong><\/td>\n<td>40 Minuten<\/td>\n<\/tr>\n<tr>\n<td><strong>Dauer<\/strong><\/td>\n<td>40 Minuten<\/td>\n<\/tr>\n<\/tbody>\n<\/table>\n<\/ul>","protected":false},"excerpt":{"rendered":"<p>Product Overview Marke: Bosch Besonderes Merkmal: 2in1 Saugen und Wischen bei maximaler Flexibilit\u00e4t dank Knickrohr Filtertyp: HEPA Filtersystem Oberfl\u00e4chenempfehlung: auf<\/p>","protected":false},"featured_media":31826,"comment_status":"open","ping_status":"closed","template":"","meta":[],"product_brand":[],"product_cat":[153],"product_tag":[],"class_list":{"0":"post-31723","1":"product","2":"type-product","3":"status-publish","4":"has-post-thumbnail","6":"product_cat-staubsauger","8":"first","9":"instock","10":"sale","11":"shipping-taxable","12":"purchasable","13":"product-type-variable"},"jetpack_sharing_enabled":true,"_links":{"self":[{"href":"https:\/\/trampoflex.shop\/en\/wp-json\/wp\/v2\/product\/31723","targetHints":{"allow":["GET"]}}],"collection":[{"href":"https:\/\/trampoflex.shop\/en\/wp-json\/wp\/v2\/product"}],"about":[{"href":"https:\/\/trampoflex.shop\/en\/wp-json\/wp\/v2\/types\/product"}],"replies":[{"embeddable":true,"href":"https:\/\/trampoflex.shop\/en\/wp-json\/wp\/v2\/comments?post=31723"}],"version-history":[{"count":0,"href":"https:\/\/trampoflex.shop\/en\/wp-json\/wp\/v2\/product\/31723\/revisions"}],"wp:featuredmedia":[{"embeddable":true,"href":"https:\/\/trampoflex.shop\/en\/wp-json\/wp\/v2\/media\/31826"}],"wp:attachment":[{"href":"https:\/\/trampoflex.shop\/en\/wp-json\/wp\/v2\/media?parent=31723"}],"wp:term":[{"taxonomy":"product_brand","embeddable":true,"href":"https:\/\/trampoflex.shop\/en\/wp-json\/wp\/v2\/product_brand?post=31723"},{"taxonomy":"product_cat","embeddable":true,"href":"https:\/\/trampoflex.shop\/en\/wp-json\/wp\/v2\/product_cat?post=31723"},{"taxonomy":"product_tag","embeddable":true,"href":"https:\/\/trampoflex.shop\/en\/wp-json\/wp\/v2\/product_tag?post=31723"}],"curies":[{"name":"wp","href":"https:\/\/api.w.org\/{rel}","templated":true}]}}