{"id":31721,"date":"2026-05-10T12:02:43","date_gmt":"2026-05-10T12:02:43","guid":{"rendered":"https:\/\/trampoflex.shop\/product\/bosch-akku-staubsauger-unlimited-6-bcs611am-kabelloser-handstaubsauger-beutellos-leicht-hygiene-filter-10-jahre-motorgarantie-hohe-saugleistung-lange-laufzeit-alle-bodenarten-weiss\/"},"modified":"2026-05-10T12:02:43","modified_gmt":"2026-05-10T12:02:43","slug":"bosch-akku-staubsauger-unlimited-6-bcs611am-kabelloser-handstaubsauger-beutellos-leicht-hygiene-filter-10-jahre-motorgarantie-hohe-saugleistung-lange-laufzeit-alle-bodenarten-weiss","status":"publish","type":"product","link":"https:\/\/trampoflex.shop\/en\/product\/bosch-akku-staubsauger-unlimited-6-bcs611am-kabelloser-handstaubsauger-beutellos-leicht-hygiene-filter-10-jahre-motorgarantie-hohe-saugleistung-lange-laufzeit-alle-bodenarten-weiss\/","title":{"rendered":"Bosch Unlimited 6 BCS611AM Akku-Staubsauger Beutellos Hygiene-Filter Lange Laufzeit Alle B\u00f6den Wei\u00df"},"content":{"rendered":"<p><strong>Product Overview<\/strong><\/p>\n<ul>\n<li>\n<strong>Marke:<\/strong> Bosch<\/li>\n<li>\n<strong>Besonderes Merkmal:<\/strong> Akku-Bodenstaubsauger, Beutellos, Handgriffsteuerung, Wiederaufladbar, lange Laufzeit<\/li>\n<li>\n<strong>Filtertyp:<\/strong> Patrone<\/li>\n<li>\n<strong>Oberfl\u00e4chenempfehlung:<\/strong> Harter Boden<\/li>\n<li>\n<strong>Stromquelle:<\/strong> Batteriebetrieben<\/li>\n<\/ul>\n<p><strong>Product Features<\/strong><\/p>\n<ul>\n<li>Kompakt und handlich: Dank seines geringen Gewichts und handlichen Designs ist der Unlimited 6 wendig und vielseitig einsetzbar \u2013 ob im Wohnbereich, auf Treppen, Polsterm\u00f6beln oder im Auto<\/li>\n<li>Starke Leistung auf allen B\u00f6den: Ob Teppich, Parkett oder Fliesen \u2013 mit dem leichten, aber leistungsstarken Motor und der neuen D\u00fcse werden auf allen Bodenarten gr\u00fcndliche Reinigungsergebnisse erzielt<\/li>\n<li>Kostenlose 10 Jahre Motorgarantie (2): Bosch Motortechnologie &#8222;Made in Germany&#8220; garantiert langlebige Performance<\/li>\n<li>Wechselbarer 2.5 Ah Akku: Als Teil der Power For All Alliance ist der Akku mit zahlreichen Produkten von Bosch und anderen Marken kompatibel<\/li>\n<li>Lieferumfang: Akkustaubsauger, 2.5 Ah Akku, 2in1 M\u00f6belpinsel &#038; Polsterd\u00fcse, XXL-Polsterd\u00fcse, Wandhalterung mit Ladefunktion<\/li>\n<\/ul>\n<p><strong>Product Information<\/strong><\/p>\n<ul>\n<table style=\"margin-bottom:20px\">\n<tbody>\n<tr>\n<td><strong>Besondere Merkmale<\/strong><\/td>\n<td>Akku-Bodenstaubsauger, Beutellos, Handgriffsteuerung, Wiederaufladbar, lange Laufzeit<\/td>\n<\/tr>\n<tr>\n<td><strong>Filtertyp<\/strong><\/td>\n<td>Patrone<\/td>\n<\/tr>\n<tr>\n<td><strong>Geeignete Gel\u00e4ndeart<\/strong><\/td>\n<td>Harter Boden<\/td>\n<\/tr>\n<tr>\n<td><strong>Empfohlene Verw.bereiche f\u00fcr Produkt<\/strong><\/td>\n<td>Reinigung<\/td>\n<\/tr>\n<tr>\n<td><strong>Farbe<\/strong><\/td>\n<td>Wei\u00df<\/td>\n<\/tr>\n<tr>\n<td><strong>Ger\u00e4uschpegel<\/strong><\/td>\n<td>79 Dezibel<\/td>\n<\/tr>\n<tr>\n<td><strong>Stil\/Form<\/strong><\/td>\n<td>1 Akku<\/td>\n<\/tr>\n<tr>\n<td><strong>Tragbar<\/strong><\/td>\n<td>Ja<\/td>\n<\/tr>\n<tr>\n<td><strong>Anzahl Leistungsstufen<\/strong><\/td>\n<td>1<\/td>\n<\/tr>\n<tr>\n<td><strong>Verwendung im Innen- und Au\u00dfenbereich<\/strong><\/td>\n<td>Innenbereich<\/td>\n<\/tr>\n<tr>\n<td><strong>Abschlusstypen<\/strong><\/td>\n<td>Gl\u00e4nzend<\/td>\n<\/tr>\n<tr>\n<td><strong>Betriebsart<\/strong><\/td>\n<td>Batteriebetrieben<\/td>\n<\/tr>\n<tr>\n<td><strong>Ist das Produkt kabellos<\/strong><\/td>\n<td>Ja<\/td>\n<\/tr>\n<tr>\n<td><strong>Spannung<\/strong><\/td>\n<td>18 Volt<\/td>\n<\/tr>\n<tr>\n<td><strong>Artikelgewicht<\/strong><\/td>\n<td>5,07 Pfund<\/td>\n<\/tr>\n<tr>\n<td><strong>Artikel Abmessungen L x B x H<\/strong><\/td>\n<td>26,5L x 20B x 122H cm<\/td>\n<\/tr>\n<tr>\n<td><strong>Controllertyp<\/strong><\/td>\n<td>Hand-Steuerung<\/td>\n<\/tr>\n<tr>\n<td><strong>Steuerungsart<\/strong><\/td>\n<td>Ber\u00fchren<\/td>\n<\/tr>\n<tr>\n<td><strong>Formfaktor<\/strong><\/td>\n<td>Handheld<\/td>\n<\/tr>\n<tr>\n<td><strong>Anzahl der Griffe<\/strong><\/td>\n<td>1<\/td>\n<\/tr>\n<tr>\n<td><strong>Marke<\/strong><\/td>\n<td>Bosch<\/td>\n<\/tr>\n<tr>\n<td><strong>Eingeschlossene Komponenten<\/strong><\/td>\n<td>kabelloser Handstaubsauger, 2in1 M\u00f6belpinsel mit Polsterd\u00fcse, XXL-Polsterd\u00fcse<\/td>\n<\/tr>\n<tr>\n<td><strong>Modellname<\/strong><\/td>\n<td>Unlimited Serie 6<\/td>\n<\/tr>\n<tr>\n<td><strong>Modellnummer<\/strong><\/td>\n<td>BCS611AM<\/td>\n<\/tr>\n<tr>\n<td><strong>Herkunftsland<\/strong><\/td>\n<td>Deutschland<\/td>\n<\/tr>\n<tr>\n<td><strong>Hersteller<\/strong><\/td>\n<td>Bosch<\/td>\n<\/tr>\n<tr>\n<td><strong>Anzahl von Artikeln<\/strong><\/td>\n<td>1<\/td>\n<\/tr>\n<tr>\n<td><strong>Seriennummer<\/strong><\/td>\n<td>6<\/td>\n<\/tr>\n<tr>\n<td><strong>Global Trade Identification Number<\/strong><\/td>\n<td>04242005182169<\/td>\n<\/tr>\n<tr>\n<td><strong>Garantie<\/strong><\/td>\n<td>2 jahre herstellergarantie.<\/td>\n<\/tr>\n<tr>\n<td><strong>Herstellungsjahr<\/strong><\/td>\n<td>2016<\/td>\n<\/tr>\n<tr>\n<td><strong>Artikeltyp Name<\/strong><\/td>\n<td>Akkustaubsauger<\/td>\n<\/tr>\n<tr>\n<td><strong>Kontaktinformationen des Herstellers<\/strong><\/td>\n<td>Carl-Wery-Stra\u00dfe 34, 81739 M\u00fcnchen<\/td>\n<\/tr>\n<tr>\n<td><strong>Amazon Bestseller-Rang<\/strong><\/td>\n<td><\/td>\n<\/tr>\n<tr>\n<td><strong>ASIN<\/strong><\/td>\n<td>B07VYFC26W<\/td>\n<\/tr>\n<tr>\n<td><strong>Durchschnittliche Kundenbewertung<\/strong><\/td>\n<td><\/td>\n<\/tr>\n<tr>\n<td><strong>Batterieladezeit<\/strong><\/td>\n<td>4 Stunden<\/td>\n<\/tr>\n<tr>\n<td><strong>Batterietyp<\/strong><\/td>\n<td>Lithium-Ionen<\/td>\n<\/tr>\n<tr>\n<td><strong>Akkulaufzeit<\/strong><\/td>\n<td>30 Minuten<\/td>\n<\/tr>\n<tr>\n<td><strong>Dauer<\/strong><\/td>\n<td>30 Minuten<\/td>\n<\/tr>\n<tr>\n<td><strong>Verbindungstechnik<\/strong><\/td>\n<td>USB<\/td>\n<\/tr>\n<\/tbody>\n<\/table>\n<\/ul>","protected":false},"excerpt":{"rendered":"<p>Product Overview Marke: Bosch Besonderes Merkmal: Akku-Bodenstaubsauger, Beutellos, Handgriffsteuerung, Wiederaufladbar, lange Laufzeit Filtertyp: Patrone Oberfl\u00e4chenempfehlung: Harter Boden Stromquelle: Batteriebetrieben Product<\/p>","protected":false},"featured_media":31818,"comment_status":"open","ping_status":"closed","template":"","meta":[],"product_brand":[],"product_cat":[153],"product_tag":[],"class_list":{"0":"post-31721","1":"product","2":"type-product","3":"status-publish","4":"has-post-thumbnail","6":"product_cat-staubsauger","8":"first","9":"instock","10":"sale","11":"shipping-taxable","12":"purchasable","13":"product-type-simple"},"jetpack_sharing_enabled":true,"_links":{"self":[{"href":"https:\/\/trampoflex.shop\/en\/wp-json\/wp\/v2\/product\/31721","targetHints":{"allow":["GET"]}}],"collection":[{"href":"https:\/\/trampoflex.shop\/en\/wp-json\/wp\/v2\/product"}],"about":[{"href":"https:\/\/trampoflex.shop\/en\/wp-json\/wp\/v2\/types\/product"}],"replies":[{"embeddable":true,"href":"https:\/\/trampoflex.shop\/en\/wp-json\/wp\/v2\/comments?post=31721"}],"version-history":[{"count":0,"href":"https:\/\/trampoflex.shop\/en\/wp-json\/wp\/v2\/product\/31721\/revisions"}],"wp:featuredmedia":[{"embeddable":true,"href":"https:\/\/trampoflex.shop\/en\/wp-json\/wp\/v2\/media\/31818"}],"wp:attachment":[{"href":"https:\/\/trampoflex.shop\/en\/wp-json\/wp\/v2\/media?parent=31721"}],"wp:term":[{"taxonomy":"product_brand","embeddable":true,"href":"https:\/\/trampoflex.shop\/en\/wp-json\/wp\/v2\/product_brand?post=31721"},{"taxonomy":"product_cat","embeddable":true,"href":"https:\/\/trampoflex.shop\/en\/wp-json\/wp\/v2\/product_cat?post=31721"},{"taxonomy":"product_tag","embeddable":true,"href":"https:\/\/trampoflex.shop\/en\/wp-json\/wp\/v2\/product_tag?post=31721"}],"curies":[{"name":"wp","href":"https:\/\/api.w.org\/{rel}","templated":true}]}}